{"id":12,"date":"2022-08-27T13:35:22","date_gmt":"2022-08-27T13:35:22","guid":{"rendered":"https:\/\/kunde29.die-website-spezialisten.at\/?page_id=12"},"modified":"2023-03-15T17:53:28","modified_gmt":"2023-03-15T17:53:28","slug":"klinische-psychologie","status":"publish","type":"page","link":"https:\/\/praxisfasthuber.at\/index.php\/klinische-psychologie\/","title":{"rendered":"Klinische Psychologie"},"content":{"rendered":"\t\t<div data-elementor-type=\"wp-page\" data-elementor-id=\"12\" class=\"elementor elementor-12\">\n\t\t\t\t\t\t<section class=\"elementor-section elementor-top-section elementor-element elementor-element-b4d5169 elementor-section-boxed elementor-section-height-default elementor-section-height-default\" data-id=\"b4d5169\" data-element_type=\"section\" data-e-type=\"section\">\n\t\t\t\t\t\t<div class=\"elementor-container elementor-column-gap-default\">\n\t\t\t\t\t<div class=\"elementor-column elementor-col-100 elementor-top-column elementor-element elementor-element-e325a0b\" data-id=\"e325a0b\" data-element_type=\"column\" data-e-type=\"column\">\n\t\t\t<div class=\"elementor-widget-wrap elementor-element-populated\">\n\t\t\t\t\t\t<div class=\"elementor-element elementor-element-68138c7 elementor-widget elementor-widget-heading\" data-id=\"68138c7\" data-element_type=\"widget\" data-e-type=\"widget\" data-widget_type=\"heading.default\">\n\t\t\t\t<div class=\"elementor-widget-container\">\n\t\t\t\t\t<h1 class=\"elementor-heading-title elementor-size-default\">Klinische Psychologie<\/h1>\t\t\t\t<\/div>\n\t\t\t\t<\/div>\n\t\t\t\t<div class=\"elementor-element elementor-element-3eb0a4a elementor-widget elementor-widget-image\" data-id=\"3eb0a4a\" data-element_type=\"widget\" data-e-type=\"widget\" data-widget_type=\"image.default\">\n\t\t\t\t<div class=\"elementor-widget-container\">\n\t\t\t\t\t\t\t\t\t\t\t\t\t\t\t<img fetchpriority=\"high\" decoding=\"async\" width=\"760\" height=\"531\" src=\"https:\/\/praxisfasthuber.at\/wp-content\/uploads\/2022\/08\/klinische-psychologie.jpg\" class=\"attachment-full size-full wp-image-238\" alt=\"Klinische Psychologie\" srcset=\"https:\/\/praxisfasthuber.at\/wp-content\/uploads\/2022\/08\/klinische-psychologie.jpg 760w, https:\/\/praxisfasthuber.at\/wp-content\/uploads\/2022\/08\/klinische-psychologie-300x210.jpg 300w, https:\/\/praxisfasthuber.at\/wp-content\/uploads\/2022\/08\/klinische-psychologie-624x436.jpg 624w\" sizes=\"(max-width: 760px) 100vw, 760px\" \/>\t\t\t\t\t\t\t\t\t\t\t\t\t\t\t<\/div>\n\t\t\t\t<\/div>\n\t\t\t\t\t<\/div>\n\t\t<\/div>\n\t\t\t\t\t<\/div>\n\t\t<\/section>\n\t\t\t\t<section class=\"elementor-section elementor-top-section elementor-element elementor-element-8fd2fcb elementor-section-boxed elementor-section-height-default elementor-section-height-default\" data-id=\"8fd2fcb\" data-element_type=\"section\" data-e-type=\"section\">\n\t\t\t\t\t\t<div class=\"elementor-container elementor-column-gap-default\">\n\t\t\t\t\t<div class=\"elementor-column elementor-col-100 elementor-top-column elementor-element elementor-element-96ee3d1\" data-id=\"96ee3d1\" data-element_type=\"column\" data-e-type=\"column\">\n\t\t\t<div class=\"elementor-widget-wrap elementor-element-populated\">\n\t\t\t\t\t\t<div class=\"elementor-element elementor-element-1dd5084 elementor-widget elementor-widget-text-editor\" data-id=\"1dd5084\" data-element_type=\"widget\" data-e-type=\"widget\" data-widget_type=\"text-editor.default\">\n\t\t\t\t<div class=\"elementor-widget-container\">\n\t\t\t\t\t\t\t\t\t<p>Die <strong>Klinische Psychologie<\/strong> befasst sich\u00a0mit der Diagnostik und Behandlung von psychischen St\u00f6rungen wie z.B. Depressionen oder\u00a0Angstst\u00f6rungen,\u00a0mit psychosozialen Aspekten\u00a0bei k\u00f6rperlichen Erkrankungen sowie mit psychischen Krisen (durch \u00e4u\u00dfere Umst\u00e4nde veranlasste psychische Belastungsreaktionen<\/p>\t\t\t\t\t\t\t\t<\/div>\n\t\t\t\t<\/div>\n\t\t\t\t<div class=\"elementor-element elementor-element-a4ec2c4 elementor-widget elementor-widget-text-editor\" data-id=\"a4ec2c4\" data-element_type=\"widget\" data-e-type=\"widget\" data-widget_type=\"text-editor.default\">\n\t\t\t\t<div class=\"elementor-widget-container\">\n\t\t\t\t\t\t\t\t\t<p>Im Unterschied\u00a0zur Klinischen Psychologie\u00a0besch\u00e4ftigt sich die <strong>Gesundheitspsychologie<\/strong> mit der Pr\u00e4vention, d.h. Erhaltung und F\u00f6rderung der Gesundheit sowie dem Vorbeugen von Krankheiten. Neben Beratungsgespr\u00e4chen\u00a0hinsichtlich eines gesundheitsf\u00f6rderlichen, stressreduzierten Lebensstils kommen\u00a0auch das Erlernen von Entspannungstechniken und die Anwendung von Biofeedback zum Tragen.<\/p>\t\t\t\t\t\t\t\t<\/div>\n\t\t\t\t<\/div>\n\t\t\t\t<div class=\"elementor-element elementor-element-d3fc406 elementor-widget elementor-widget-text-editor\" data-id=\"d3fc406\" data-element_type=\"widget\" data-e-type=\"widget\" data-widget_type=\"text-editor.default\">\n\t\t\t\t<div class=\"elementor-widget-container\">\n\t\t\t\t\t\t\t\t\t<p>An <strong>Entspannungstechniken<\/strong> k\u00f6nnen Sie bei mir neben der Methode des Biofeedbacks die Progressive Muskelentspannung nach Jacobson, Autogenes Training sowie Imaginative Entspannungsformen (ressourcenorientierte Fantasiereisen) erlernen.<\/p>\t\t\t\t\t\t\t\t<\/div>\n\t\t\t\t<\/div>\n\t\t\t\t\t<\/div>\n\t\t<\/div>\n\t\t\t\t\t<\/div>\n\t\t<\/section>\n\t\t\t\t<\/div>\n\t\t","protected":false},"excerpt":{"rendered":"<p>Klinische Psychologie Die Klinische Psychologie befasst sich\u00a0mit der Diagnostik und Behandlung von psychischen St\u00f6rungen wie z.B. Depressionen oder\u00a0Angstst\u00f6rungen,\u00a0mit psychosozialen Aspekten\u00a0bei k\u00f6rperlichen Erkrankungen sowie mit psychischen Krisen (durch \u00e4u\u00dfere Umst\u00e4nde veranlasste psychische Belastungsreaktionen Im Unterschied\u00a0zur Klinischen&hellip; <a href=\"https:\/\/praxisfasthuber.at\/index.php\/klinische-psychologie\/\">Mehr<\/a><\/p>\n","protected":false},"author":1,"featured_media":0,"parent":0,"menu_order":0,"comment_status":"closed","ping_status":"closed","template":"elementor_header_footer","meta":{"footnotes":""},"class_list":["post-12","page","type-page","status-publish","hentry"],"yoast_head":"<!-- This site is optimized with the Yoast SEO plugin v26.7 - https:\/\/yoast.com\/wordpress\/plugins\/seo\/ -->\n<title>Klinische Psychologie - Mag. Edith Fasthuber<\/title>\n<meta name=\"robots\" content=\"index, follow, max-snippet:-1, max-image-preview:large, max-video-preview:-1\" \/>\n<link rel=\"canonical\" href=\"https:\/\/praxisfasthuber.at\/index.php\/klinische-psychologie\/\" \/>\n<meta property=\"og:locale\" content=\"de_DE\" \/>\n<meta property=\"og:type\" content=\"article\" \/>\n<meta property=\"og:title\" content=\"Klinische Psychologie - Mag. Edith Fasthuber\" \/>\n<meta property=\"og:description\" content=\"Klinische Psychologie Die Klinische Psychologie befasst sich\u00a0mit der Diagnostik und Behandlung von psychischen St\u00f6rungen wie z.B. Depressionen oder\u00a0Angstst\u00f6rungen,\u00a0mit psychosozialen Aspekten\u00a0bei k\u00f6rperlichen Erkrankungen sowie mit psychischen Krisen (durch \u00e4u\u00dfere Umst\u00e4nde veranlasste psychische Belastungsreaktionen Im Unterschied\u00a0zur Klinischen&hellip; Mehr\" \/>\n<meta property=\"og:url\" content=\"https:\/\/praxisfasthuber.at\/index.php\/klinische-psychologie\/\" \/>\n<meta property=\"og:site_name\" content=\"Mag. Edith Fasthuber\" \/>\n<meta property=\"article:modified_time\" content=\"2023-03-15T17:53:28+00:00\" \/>\n<meta property=\"og:image\" content=\"https:\/\/praxisfasthuber.at\/wp-content\/uploads\/2022\/08\/klinische-psychologie.jpg\" \/>\n<meta name=\"twitter:card\" content=\"summary_large_image\" \/>\n<meta name=\"twitter:label1\" content=\"Gesch\u00e4tzte Lesezeit\" \/>\n\t<meta name=\"twitter:data1\" content=\"1\u00a0Minute\" \/>\n<script type=\"application\/ld+json\" class=\"yoast-schema-graph\">{\"@context\":\"https:\/\/schema.org\",\"@graph\":[{\"@type\":\"WebPage\",\"@id\":\"https:\/\/praxisfasthuber.at\/index.php\/klinische-psychologie\/\",\"url\":\"https:\/\/praxisfasthuber.at\/index.php\/klinische-psychologie\/\",\"name\":\"Klinische Psychologie - Mag. Edith Fasthuber\",\"isPartOf\":{\"@id\":\"https:\/\/praxisfasthuber.at\/#website\"},\"primaryImageOfPage\":{\"@id\":\"https:\/\/praxisfasthuber.at\/index.php\/klinische-psychologie\/#primaryimage\"},\"image\":{\"@id\":\"https:\/\/praxisfasthuber.at\/index.php\/klinische-psychologie\/#primaryimage\"},\"thumbnailUrl\":\"https:\/\/praxisfasthuber.at\/wp-content\/uploads\/2022\/08\/klinische-psychologie.jpg\",\"datePublished\":\"2022-08-27T13:35:22+00:00\",\"dateModified\":\"2023-03-15T17:53:28+00:00\",\"breadcrumb\":{\"@id\":\"https:\/\/praxisfasthuber.at\/index.php\/klinische-psychologie\/#breadcrumb\"},\"inLanguage\":\"de\",\"potentialAction\":[{\"@type\":\"ReadAction\",\"target\":[\"https:\/\/praxisfasthuber.at\/index.php\/klinische-psychologie\/\"]}]},{\"@type\":\"ImageObject\",\"inLanguage\":\"de\",\"@id\":\"https:\/\/praxisfasthuber.at\/index.php\/klinische-psychologie\/#primaryimage\",\"url\":\"https:\/\/praxisfasthuber.at\/wp-content\/uploads\/2022\/08\/klinische-psychologie.jpg\",\"contentUrl\":\"https:\/\/praxisfasthuber.at\/wp-content\/uploads\/2022\/08\/klinische-psychologie.jpg\",\"width\":760,\"height\":531,\"caption\":\"Klinische Psychologie\"},{\"@type\":\"BreadcrumbList\",\"@id\":\"https:\/\/praxisfasthuber.at\/index.php\/klinische-psychologie\/#breadcrumb\",\"itemListElement\":[{\"@type\":\"ListItem\",\"position\":1,\"name\":\"Startseite\",\"item\":\"https:\/\/praxisfasthuber.at\/\"},{\"@type\":\"ListItem\",\"position\":2,\"name\":\"Klinische Psychologie\"}]},{\"@type\":\"WebSite\",\"@id\":\"https:\/\/praxisfasthuber.at\/#website\",\"url\":\"https:\/\/praxisfasthuber.at\/\",\"name\":\"Mag. Edith Fasthuber\",\"description\":\"Praxis f\u00fcr Klinische Psychologie\",\"potentialAction\":[{\"@type\":\"SearchAction\",\"target\":{\"@type\":\"EntryPoint\",\"urlTemplate\":\"https:\/\/praxisfasthuber.at\/?s={search_term_string}\"},\"query-input\":{\"@type\":\"PropertyValueSpecification\",\"valueRequired\":true,\"valueName\":\"search_term_string\"}}],\"inLanguage\":\"de\"}]}<\/script>\n<!-- \/ Yoast SEO plugin. -->","yoast_head_json":{"title":"Klinische Psychologie - Mag. Edith Fasthuber","robots":{"index":"index","follow":"follow","max-snippet":"max-snippet:-1","max-image-preview":"max-image-preview:large","max-video-preview":"max-video-preview:-1"},"canonical":"https:\/\/praxisfasthuber.at\/index.php\/klinische-psychologie\/","og_locale":"de_DE","og_type":"article","og_title":"Klinische Psychologie - Mag. Edith Fasthuber","og_description":"Klinische Psychologie Die Klinische Psychologie befasst sich\u00a0mit der Diagnostik und Behandlung von psychischen St\u00f6rungen wie z.B. Depressionen oder\u00a0Angstst\u00f6rungen,\u00a0mit psychosozialen Aspekten\u00a0bei k\u00f6rperlichen Erkrankungen sowie mit psychischen Krisen (durch \u00e4u\u00dfere Umst\u00e4nde veranlasste psychische Belastungsreaktionen Im Unterschied\u00a0zur Klinischen&hellip; Mehr","og_url":"https:\/\/praxisfasthuber.at\/index.php\/klinische-psychologie\/","og_site_name":"Mag. Edith Fasthuber","article_modified_time":"2023-03-15T17:53:28+00:00","og_image":[{"url":"https:\/\/praxisfasthuber.at\/wp-content\/uploads\/2022\/08\/klinische-psychologie.jpg","type":"","width":"","height":""}],"twitter_card":"summary_large_image","twitter_misc":{"Gesch\u00e4tzte Lesezeit":"1\u00a0Minute"},"schema":{"@context":"https:\/\/schema.org","@graph":[{"@type":"WebPage","@id":"https:\/\/praxisfasthuber.at\/index.php\/klinische-psychologie\/","url":"https:\/\/praxisfasthuber.at\/index.php\/klinische-psychologie\/","name":"Klinische Psychologie - Mag. Edith Fasthuber","isPartOf":{"@id":"https:\/\/praxisfasthuber.at\/#website"},"primaryImageOfPage":{"@id":"https:\/\/praxisfasthuber.at\/index.php\/klinische-psychologie\/#primaryimage"},"image":{"@id":"https:\/\/praxisfasthuber.at\/index.php\/klinische-psychologie\/#primaryimage"},"thumbnailUrl":"https:\/\/praxisfasthuber.at\/wp-content\/uploads\/2022\/08\/klinische-psychologie.jpg","datePublished":"2022-08-27T13:35:22+00:00","dateModified":"2023-03-15T17:53:28+00:00","breadcrumb":{"@id":"https:\/\/praxisfasthuber.at\/index.php\/klinische-psychologie\/#breadcrumb"},"inLanguage":"de","potentialAction":[{"@type":"ReadAction","target":["https:\/\/praxisfasthuber.at\/index.php\/klinische-psychologie\/"]}]},{"@type":"ImageObject","inLanguage":"de","@id":"https:\/\/praxisfasthuber.at\/index.php\/klinische-psychologie\/#primaryimage","url":"https:\/\/praxisfasthuber.at\/wp-content\/uploads\/2022\/08\/klinische-psychologie.jpg","contentUrl":"https:\/\/praxisfasthuber.at\/wp-content\/uploads\/2022\/08\/klinische-psychologie.jpg","width":760,"height":531,"caption":"Klinische Psychologie"},{"@type":"BreadcrumbList","@id":"https:\/\/praxisfasthuber.at\/index.php\/klinische-psychologie\/#breadcrumb","itemListElement":[{"@type":"ListItem","position":1,"name":"Startseite","item":"https:\/\/praxisfasthuber.at\/"},{"@type":"ListItem","position":2,"name":"Klinische Psychologie"}]},{"@type":"WebSite","@id":"https:\/\/praxisfasthuber.at\/#website","url":"https:\/\/praxisfasthuber.at\/","name":"Mag. Edith Fasthuber","description":"Praxis f\u00fcr Klinische Psychologie","potentialAction":[{"@type":"SearchAction","target":{"@type":"EntryPoint","urlTemplate":"https:\/\/praxisfasthuber.at\/?s={search_term_string}"},"query-input":{"@type":"PropertyValueSpecification","valueRequired":true,"valueName":"search_term_string"}}],"inLanguage":"de"}]}},"_links":{"self":[{"href":"https:\/\/praxisfasthuber.at\/index.php\/wp-json\/wp\/v2\/pages\/12","targetHints":{"allow":["GET"]}}],"collection":[{"href":"https:\/\/praxisfasthuber.at\/index.php\/wp-json\/wp\/v2\/pages"}],"about":[{"href":"https:\/\/praxisfasthuber.at\/index.php\/wp-json\/wp\/v2\/types\/page"}],"author":[{"embeddable":true,"href":"https:\/\/praxisfasthuber.at\/index.php\/wp-json\/wp\/v2\/users\/1"}],"replies":[{"embeddable":true,"href":"https:\/\/praxisfasthuber.at\/index.php\/wp-json\/wp\/v2\/comments?post=12"}],"version-history":[{"count":70,"href":"https:\/\/praxisfasthuber.at\/index.php\/wp-json\/wp\/v2\/pages\/12\/revisions"}],"predecessor-version":[{"id":1178,"href":"https:\/\/praxisfasthuber.at\/index.php\/wp-json\/wp\/v2\/pages\/12\/revisions\/1178"}],"wp:attachment":[{"href":"https:\/\/praxisfasthuber.at\/index.php\/wp-json\/wp\/v2\/media?parent=12"}],"curies":[{"name":"wp","href":"https:\/\/api.w.org\/{rel}","templated":true}]}}