{"id":161,"date":"2022-08-27T14:10:57","date_gmt":"2022-08-27T14:10:57","guid":{"rendered":"https:\/\/kunde29.die-website-spezialisten.at\/?page_id=161"},"modified":"2024-01-24T11:18:10","modified_gmt":"2024-01-24T11:18:10","slug":"impressum","status":"publish","type":"page","link":"https:\/\/praxisfasthuber.at\/index.php\/impressum\/","title":{"rendered":"Impressum"},"content":{"rendered":"\t\t<div data-elementor-type=\"wp-page\" data-elementor-id=\"161\" class=\"elementor elementor-161\">\n\t\t\t\t\t\t<section class=\"elementor-section elementor-top-section elementor-element elementor-element-abb8be8 elementor-section-boxed elementor-section-height-default elementor-section-height-default\" data-id=\"abb8be8\" data-element_type=\"section\" data-e-type=\"section\">\n\t\t\t\t\t\t<div class=\"elementor-container elementor-column-gap-default\">\n\t\t\t\t\t<div class=\"elementor-column elementor-col-100 elementor-top-column elementor-element elementor-element-44da32f\" data-id=\"44da32f\" data-element_type=\"column\" data-e-type=\"column\">\n\t\t\t<div class=\"elementor-widget-wrap elementor-element-populated\">\n\t\t\t\t\t\t<div class=\"elementor-element elementor-element-51adc22 elementor-widget elementor-widget-heading\" data-id=\"51adc22\" data-element_type=\"widget\" data-e-type=\"widget\" data-widget_type=\"heading.default\">\n\t\t\t\t<div class=\"elementor-widget-container\">\n\t\t\t\t\t<h1 class=\"elementor-heading-title elementor-size-default\">Impressum<\/h1>\t\t\t\t<\/div>\n\t\t\t\t<\/div>\n\t\t\t\t<div class=\"elementor-element elementor-element-9f40fb4 elementor-widget elementor-widget-text-editor\" data-id=\"9f40fb4\" data-element_type=\"widget\" data-e-type=\"widget\" data-widget_type=\"text-editor.default\">\n\t\t\t\t<div class=\"elementor-widget-container\">\n\t\t\t\t\t\t\t\t\t<p><b>Mag. Edith Fasthuber<\/b><\/p><p>Klinische Psychologin (Klinische Neuropsychologie), Gesundheitspsychologin, Biofeedbacktherapeutin<br \/>Praxis f\u00fcr Klinische Psychologie und Biofeedback \u201eEF_fektiv\u201c<br \/>Dammstrasse 6, 4600 Thalheim bei Wels<br \/>Tel:<a href=\"http:\/\/tel: 06508102773\"> 0650\/8102773<\/a>, Email: <a href=\"mailto: praxis.fasthuber@liwest.at\">praxis.fasthuber@liwest.at<\/a><\/p>\t\t\t\t\t\t\t\t<\/div>\n\t\t\t\t<\/div>\n\t\t\t\t<div class=\"elementor-element elementor-element-c88bae8 elementor-widget elementor-widget-text-editor\" data-id=\"c88bae8\" data-element_type=\"widget\" data-e-type=\"widget\" data-widget_type=\"text-editor.default\">\n\t\t\t\t<div class=\"elementor-widget-container\">\n\t\t\t\t\t\t\t\t\t<p><strong>Haftung und rechtliche Hinweise<\/strong><\/p><p>Trotz sorgf\u00e4ltiger Pr\u00fcfung der Inhalte kann keine Garantie f\u00fcr die Richtigkeit und Vollst\u00e4ndigkeit der Texte \u00fcbernommen werden. Verweise auf externe Seiten und die dort erreichbaren Inhalte unterliegen nicht der Verantwortung von Frau Mag. Edith Fasthuber.<\/p>\t\t\t\t\t\t\t\t<\/div>\n\t\t\t\t<\/div>\n\t\t\t\t<div class=\"elementor-element elementor-element-0760176 elementor-widget elementor-widget-text-editor\" data-id=\"0760176\" data-element_type=\"widget\" data-e-type=\"widget\" data-widget_type=\"text-editor.default\">\n\t\t\t\t<div class=\"elementor-widget-container\">\n\t\t\t\t\t\t\t\t\t<p><strong>Copyright<\/strong><\/p><p>Die Verwendung von Texten und Fotos (Martina B\u00fcrger-Auerbach) ist nur mit ausdr\u00fccklicher Genehmigung von Frau Mag. Edith Fasthuber erlaubt.<\/p>\t\t\t\t\t\t\t\t<\/div>\n\t\t\t\t<\/div>\n\t\t\t\t\t<\/div>\n\t\t<\/div>\n\t\t\t\t\t<\/div>\n\t\t<\/section>\n\t\t\t\t<\/div>\n\t\t","protected":false},"excerpt":{"rendered":"<p>Impressum Mag. Edith Fasthuber Klinische Psychologin (Klinische Neuropsychologie), Gesundheitspsychologin, BiofeedbacktherapeutinPraxis f\u00fcr Klinische Psychologie und Biofeedback \u201eEF_fektiv\u201cDammstrasse 6, 4600 Thalheim bei WelsTel: 0650\/8102773, Email: praxis.fasthuber@liwest.at Haftung und rechtliche Hinweise Trotz sorgf\u00e4ltiger Pr\u00fcfung der Inhalte kann keine&hellip; <a href=\"https:\/\/praxisfasthuber.at\/index.php\/impressum\/\">Mehr<\/a><\/p>\n","protected":false},"author":1,"featured_media":0,"parent":0,"menu_order":0,"comment_status":"closed","ping_status":"closed","template":"elementor_header_footer","meta":{"footnotes":""},"class_list":["post-161","page","type-page","status-publish","hentry"],"yoast_head":"<!-- This site is optimized with the Yoast SEO plugin v26.7 - https:\/\/yoast.com\/wordpress\/plugins\/seo\/ -->\n<title>Impressum - Mag. Edith Fasthuber<\/title>\n<meta name=\"robots\" content=\"index, follow, max-snippet:-1, max-image-preview:large, max-video-preview:-1\" \/>\n<link rel=\"canonical\" href=\"https:\/\/praxisfasthuber.at\/index.php\/impressum\/\" \/>\n<meta property=\"og:locale\" content=\"de_DE\" \/>\n<meta property=\"og:type\" content=\"article\" \/>\n<meta property=\"og:title\" content=\"Impressum - Mag. Edith Fasthuber\" \/>\n<meta property=\"og:description\" content=\"Impressum Mag. Edith Fasthuber Klinische Psychologin (Klinische Neuropsychologie), Gesundheitspsychologin, BiofeedbacktherapeutinPraxis f\u00fcr Klinische Psychologie und Biofeedback \u201eEF_fektiv\u201cDammstrasse 6, 4600 Thalheim bei WelsTel: 0650\/8102773, Email: praxis.fasthuber@liwest.at Haftung und rechtliche Hinweise Trotz sorgf\u00e4ltiger Pr\u00fcfung der Inhalte kann keine&hellip; Mehr\" \/>\n<meta property=\"og:url\" content=\"https:\/\/praxisfasthuber.at\/index.php\/impressum\/\" \/>\n<meta property=\"og:site_name\" content=\"Mag. Edith Fasthuber\" \/>\n<meta property=\"article:modified_time\" content=\"2024-01-24T11:18:10+00:00\" \/>\n<meta name=\"twitter:card\" content=\"summary_large_image\" \/>\n<meta name=\"twitter:label1\" content=\"Gesch\u00e4tzte Lesezeit\" \/>\n\t<meta name=\"twitter:data1\" content=\"1\u00a0Minute\" \/>\n<script type=\"application\/ld+json\" class=\"yoast-schema-graph\">{\"@context\":\"https:\/\/schema.org\",\"@graph\":[{\"@type\":\"WebPage\",\"@id\":\"https:\/\/praxisfasthuber.at\/index.php\/impressum\/\",\"url\":\"https:\/\/praxisfasthuber.at\/index.php\/impressum\/\",\"name\":\"Impressum - Mag. Edith Fasthuber\",\"isPartOf\":{\"@id\":\"https:\/\/praxisfasthuber.at\/#website\"},\"datePublished\":\"2022-08-27T14:10:57+00:00\",\"dateModified\":\"2024-01-24T11:18:10+00:00\",\"breadcrumb\":{\"@id\":\"https:\/\/praxisfasthuber.at\/index.php\/impressum\/#breadcrumb\"},\"inLanguage\":\"de\",\"potentialAction\":[{\"@type\":\"ReadAction\",\"target\":[\"https:\/\/praxisfasthuber.at\/index.php\/impressum\/\"]}]},{\"@type\":\"BreadcrumbList\",\"@id\":\"https:\/\/praxisfasthuber.at\/index.php\/impressum\/#breadcrumb\",\"itemListElement\":[{\"@type\":\"ListItem\",\"position\":1,\"name\":\"Startseite\",\"item\":\"https:\/\/praxisfasthuber.at\/\"},{\"@type\":\"ListItem\",\"position\":2,\"name\":\"Impressum\"}]},{\"@type\":\"WebSite\",\"@id\":\"https:\/\/praxisfasthuber.at\/#website\",\"url\":\"https:\/\/praxisfasthuber.at\/\",\"name\":\"Mag. Edith Fasthuber\",\"description\":\"Praxis f\u00fcr Klinische Psychologie\",\"potentialAction\":[{\"@type\":\"SearchAction\",\"target\":{\"@type\":\"EntryPoint\",\"urlTemplate\":\"https:\/\/praxisfasthuber.at\/?s={search_term_string}\"},\"query-input\":{\"@type\":\"PropertyValueSpecification\",\"valueRequired\":true,\"valueName\":\"search_term_string\"}}],\"inLanguage\":\"de\"}]}<\/script>\n<!-- \/ Yoast SEO plugin. -->","yoast_head_json":{"title":"Impressum - Mag. Edith Fasthuber","robots":{"index":"index","follow":"follow","max-snippet":"max-snippet:-1","max-image-preview":"max-image-preview:large","max-video-preview":"max-video-preview:-1"},"canonical":"https:\/\/praxisfasthuber.at\/index.php\/impressum\/","og_locale":"de_DE","og_type":"article","og_title":"Impressum - Mag. Edith Fasthuber","og_description":"Impressum Mag. Edith Fasthuber Klinische Psychologin (Klinische Neuropsychologie), Gesundheitspsychologin, BiofeedbacktherapeutinPraxis f\u00fcr Klinische Psychologie und Biofeedback \u201eEF_fektiv\u201cDammstrasse 6, 4600 Thalheim bei WelsTel: 0650\/8102773, Email: praxis.fasthuber@liwest.at Haftung und rechtliche Hinweise Trotz sorgf\u00e4ltiger Pr\u00fcfung der Inhalte kann keine&hellip; Mehr","og_url":"https:\/\/praxisfasthuber.at\/index.php\/impressum\/","og_site_name":"Mag. Edith Fasthuber","article_modified_time":"2024-01-24T11:18:10+00:00","twitter_card":"summary_large_image","twitter_misc":{"Gesch\u00e4tzte Lesezeit":"1\u00a0Minute"},"schema":{"@context":"https:\/\/schema.org","@graph":[{"@type":"WebPage","@id":"https:\/\/praxisfasthuber.at\/index.php\/impressum\/","url":"https:\/\/praxisfasthuber.at\/index.php\/impressum\/","name":"Impressum - Mag. Edith Fasthuber","isPartOf":{"@id":"https:\/\/praxisfasthuber.at\/#website"},"datePublished":"2022-08-27T14:10:57+00:00","dateModified":"2024-01-24T11:18:10+00:00","breadcrumb":{"@id":"https:\/\/praxisfasthuber.at\/index.php\/impressum\/#breadcrumb"},"inLanguage":"de","potentialAction":[{"@type":"ReadAction","target":["https:\/\/praxisfasthuber.at\/index.php\/impressum\/"]}]},{"@type":"BreadcrumbList","@id":"https:\/\/praxisfasthuber.at\/index.php\/impressum\/#breadcrumb","itemListElement":[{"@type":"ListItem","position":1,"name":"Startseite","item":"https:\/\/praxisfasthuber.at\/"},{"@type":"ListItem","position":2,"name":"Impressum"}]},{"@type":"WebSite","@id":"https:\/\/praxisfasthuber.at\/#website","url":"https:\/\/praxisfasthuber.at\/","name":"Mag. Edith Fasthuber","description":"Praxis f\u00fcr Klinische Psychologie","potentialAction":[{"@type":"SearchAction","target":{"@type":"EntryPoint","urlTemplate":"https:\/\/praxisfasthuber.at\/?s={search_term_string}"},"query-input":{"@type":"PropertyValueSpecification","valueRequired":true,"valueName":"search_term_string"}}],"inLanguage":"de"}]}},"_links":{"self":[{"href":"https:\/\/praxisfasthuber.at\/index.php\/wp-json\/wp\/v2\/pages\/161","targetHints":{"allow":["GET"]}}],"collection":[{"href":"https:\/\/praxisfasthuber.at\/index.php\/wp-json\/wp\/v2\/pages"}],"about":[{"href":"https:\/\/praxisfasthuber.at\/index.php\/wp-json\/wp\/v2\/types\/page"}],"author":[{"embeddable":true,"href":"https:\/\/praxisfasthuber.at\/index.php\/wp-json\/wp\/v2\/users\/1"}],"replies":[{"embeddable":true,"href":"https:\/\/praxisfasthuber.at\/index.php\/wp-json\/wp\/v2\/comments?post=161"}],"version-history":[{"count":88,"href":"https:\/\/praxisfasthuber.at\/index.php\/wp-json\/wp\/v2\/pages\/161\/revisions"}],"predecessor-version":[{"id":1200,"href":"https:\/\/praxisfasthuber.at\/index.php\/wp-json\/wp\/v2\/pages\/161\/revisions\/1200"}],"wp:attachment":[{"href":"https:\/\/praxisfasthuber.at\/index.php\/wp-json\/wp\/v2\/media?parent=161"}],"curies":[{"name":"wp","href":"https:\/\/api.w.org\/{rel}","templated":true}]}}