{"id":22,"date":"2022-08-27T13:40:49","date_gmt":"2022-08-27T13:40:49","guid":{"rendered":"https:\/\/kunde29.die-website-spezialisten.at\/?page_id=22"},"modified":"2023-02-06T11:34:00","modified_gmt":"2023-02-06T11:34:00","slug":"diagnostik","status":"publish","type":"page","link":"https:\/\/praxisfasthuber.at\/index.php\/diagnostik\/","title":{"rendered":"Diagnostik"},"content":{"rendered":"\t\t<div data-elementor-type=\"wp-page\" data-elementor-id=\"22\" class=\"elementor elementor-22\">\n\t\t\t\t\t\t<section class=\"elementor-section elementor-top-section elementor-element elementor-element-62407a7 elementor-section-boxed elementor-section-height-default elementor-section-height-default\" data-id=\"62407a7\" data-element_type=\"section\" data-e-type=\"section\">\n\t\t\t\t\t\t<div class=\"elementor-container elementor-column-gap-default\">\n\t\t\t\t\t<div class=\"elementor-column elementor-col-100 elementor-top-column elementor-element elementor-element-9a0a4ba\" data-id=\"9a0a4ba\" data-element_type=\"column\" data-e-type=\"column\">\n\t\t\t<div class=\"elementor-widget-wrap elementor-element-populated\">\n\t\t\t\t\t\t<div class=\"elementor-element elementor-element-bcd282c elementor-widget elementor-widget-heading\" data-id=\"bcd282c\" data-element_type=\"widget\" data-e-type=\"widget\" data-widget_type=\"heading.default\">\n\t\t\t\t<div class=\"elementor-widget-container\">\n\t\t\t\t\t<h1 class=\"elementor-heading-title elementor-size-default\">Diagnostik<\/h1>\t\t\t\t<\/div>\n\t\t\t\t<\/div>\n\t\t\t\t<div class=\"elementor-element elementor-element-0b2d7b0 elementor-widget elementor-widget-image\" data-id=\"0b2d7b0\" data-element_type=\"widget\" data-e-type=\"widget\" data-widget_type=\"image.default\">\n\t\t\t\t<div class=\"elementor-widget-container\">\n\t\t\t\t\t\t\t\t\t\t\t\t\t\t\t<img fetchpriority=\"high\" decoding=\"async\" width=\"760\" height=\"427\" src=\"https:\/\/praxisfasthuber.at\/wp-content\/uploads\/2022\/08\/Diagnostik.jpg\" class=\"attachment-full size-full wp-image-501\" alt=\"Diagnostik\" srcset=\"https:\/\/praxisfasthuber.at\/wp-content\/uploads\/2022\/08\/Diagnostik.jpg 760w, https:\/\/praxisfasthuber.at\/wp-content\/uploads\/2022\/08\/Diagnostik-300x169.jpg 300w, https:\/\/praxisfasthuber.at\/wp-content\/uploads\/2022\/08\/Diagnostik-624x351.jpg 624w\" sizes=\"(max-width: 760px) 100vw, 760px\" \/>\t\t\t\t\t\t\t\t\t\t\t\t\t\t\t<\/div>\n\t\t\t\t<\/div>\n\t\t\t\t<div class=\"elementor-element elementor-element-7b9ee02 elementor-widget elementor-widget-text-editor\" data-id=\"7b9ee02\" data-element_type=\"widget\" data-e-type=\"widget\" data-widget_type=\"text-editor.default\">\n\t\t\t\t<div class=\"elementor-widget-container\">\n\t\t\t\t\t\t\t\t\t<p>Die Diagnostik besteht aus dem psychologischen Gespr\u00e4ch (Exploration) und der Untersuchung mit Hilfe von neuropsychologischen Testverfahren.<\/p>\t\t\t\t\t\t\t\t<\/div>\n\t\t\t\t<\/div>\n\t\t\t\t<div class=\"elementor-element elementor-element-0aad9be elementor-widget elementor-widget-text-editor\" data-id=\"0aad9be\" data-element_type=\"widget\" data-e-type=\"widget\" data-widget_type=\"text-editor.default\">\n\t\t\t\t<div class=\"elementor-widget-container\">\n\t\t\t\t\t\t\t\t\t<p>Aus dem Explorationsgespr\u00e4ch k\u00f6nnen erste Hinweise bez\u00fcglich des kognitiven (d.h. geistigen) Leistungsverm\u00f6gens und der psychischen Befindlichkeit entnommen werden. In der anschlie\u00dfenden neuropsychologischen Testung werden die St\u00e4rken und Schw\u00e4chen genauer herausgearbeitet. Erfasst werden z.B. die Wahrnehmung, Aufmerksamkeits- und Ged\u00e4chtnisleistungen sowie Denkprozesse wie das Planen und Probleml\u00f6sen. St\u00f6rungen der psychischen Befindlichkeit werden gegebenfalls mit standardisierten Frageb\u00f6gen abgekl\u00e4rt.<\/p>\t\t\t\t\t\t\t\t<\/div>\n\t\t\t\t<\/div>\n\t\t\t\t\t<\/div>\n\t\t<\/div>\n\t\t\t\t\t<\/div>\n\t\t<\/section>\n\t\t\t\t<\/div>\n\t\t","protected":false},"excerpt":{"rendered":"<p>Diagnostik Die Diagnostik besteht aus dem psychologischen Gespr\u00e4ch (Exploration) und der Untersuchung mit Hilfe von neuropsychologischen Testverfahren. Aus dem Explorationsgespr\u00e4ch k\u00f6nnen erste Hinweise bez\u00fcglich des kognitiven (d.h. geistigen) Leistungsverm\u00f6gens und der psychischen Befindlichkeit entnommen werden.&hellip; <a href=\"https:\/\/praxisfasthuber.at\/index.php\/diagnostik\/\">Mehr<\/a><\/p>\n","protected":false},"author":1,"featured_media":0,"parent":0,"menu_order":0,"comment_status":"closed","ping_status":"closed","template":"elementor_header_footer","meta":{"footnotes":""},"class_list":["post-22","page","type-page","status-publish","hentry"],"yoast_head":"<!-- This site is optimized with the Yoast SEO plugin v26.7 - https:\/\/yoast.com\/wordpress\/plugins\/seo\/ -->\n<title>Diagnostik - Mag. Edith Fasthuber<\/title>\n<meta name=\"robots\" content=\"index, follow, max-snippet:-1, max-image-preview:large, max-video-preview:-1\" \/>\n<link rel=\"canonical\" href=\"https:\/\/praxisfasthuber.at\/index.php\/diagnostik\/\" \/>\n<meta property=\"og:locale\" content=\"de_DE\" \/>\n<meta property=\"og:type\" content=\"article\" \/>\n<meta property=\"og:title\" content=\"Diagnostik - Mag. Edith Fasthuber\" \/>\n<meta property=\"og:description\" content=\"Diagnostik Die Diagnostik besteht aus dem psychologischen Gespr\u00e4ch (Exploration) und der Untersuchung mit Hilfe von neuropsychologischen Testverfahren. Aus dem Explorationsgespr\u00e4ch k\u00f6nnen erste Hinweise bez\u00fcglich des kognitiven (d.h. geistigen) Leistungsverm\u00f6gens und der psychischen Befindlichkeit entnommen werden.&hellip; Mehr\" \/>\n<meta property=\"og:url\" content=\"https:\/\/praxisfasthuber.at\/index.php\/diagnostik\/\" \/>\n<meta property=\"og:site_name\" content=\"Mag. Edith Fasthuber\" \/>\n<meta property=\"article:modified_time\" content=\"2023-02-06T11:34:00+00:00\" \/>\n<meta property=\"og:image\" content=\"https:\/\/praxisfasthuber.at\/wp-content\/uploads\/2022\/08\/Diagnostik.jpg\" \/>\n<meta name=\"twitter:card\" content=\"summary_large_image\" \/>\n<meta name=\"twitter:label1\" content=\"Gesch\u00e4tzte Lesezeit\" \/>\n\t<meta name=\"twitter:data1\" content=\"1\u00a0Minute\" \/>\n<script type=\"application\/ld+json\" class=\"yoast-schema-graph\">{\"@context\":\"https:\/\/schema.org\",\"@graph\":[{\"@type\":\"WebPage\",\"@id\":\"https:\/\/praxisfasthuber.at\/index.php\/diagnostik\/\",\"url\":\"https:\/\/praxisfasthuber.at\/index.php\/diagnostik\/\",\"name\":\"Diagnostik - Mag. Edith Fasthuber\",\"isPartOf\":{\"@id\":\"https:\/\/praxisfasthuber.at\/#website\"},\"primaryImageOfPage\":{\"@id\":\"https:\/\/praxisfasthuber.at\/index.php\/diagnostik\/#primaryimage\"},\"image\":{\"@id\":\"https:\/\/praxisfasthuber.at\/index.php\/diagnostik\/#primaryimage\"},\"thumbnailUrl\":\"https:\/\/praxisfasthuber.at\/wp-content\/uploads\/2022\/08\/Diagnostik.jpg\",\"datePublished\":\"2022-08-27T13:40:49+00:00\",\"dateModified\":\"2023-02-06T11:34:00+00:00\",\"breadcrumb\":{\"@id\":\"https:\/\/praxisfasthuber.at\/index.php\/diagnostik\/#breadcrumb\"},\"inLanguage\":\"de\",\"potentialAction\":[{\"@type\":\"ReadAction\",\"target\":[\"https:\/\/praxisfasthuber.at\/index.php\/diagnostik\/\"]}]},{\"@type\":\"ImageObject\",\"inLanguage\":\"de\",\"@id\":\"https:\/\/praxisfasthuber.at\/index.php\/diagnostik\/#primaryimage\",\"url\":\"https:\/\/praxisfasthuber.at\/wp-content\/uploads\/2022\/08\/Diagnostik.jpg\",\"contentUrl\":\"https:\/\/praxisfasthuber.at\/wp-content\/uploads\/2022\/08\/Diagnostik.jpg\",\"width\":760,\"height\":427,\"caption\":\"Diagnostik\"},{\"@type\":\"BreadcrumbList\",\"@id\":\"https:\/\/praxisfasthuber.at\/index.php\/diagnostik\/#breadcrumb\",\"itemListElement\":[{\"@type\":\"ListItem\",\"position\":1,\"name\":\"Startseite\",\"item\":\"https:\/\/praxisfasthuber.at\/\"},{\"@type\":\"ListItem\",\"position\":2,\"name\":\"Diagnostik\"}]},{\"@type\":\"WebSite\",\"@id\":\"https:\/\/praxisfasthuber.at\/#website\",\"url\":\"https:\/\/praxisfasthuber.at\/\",\"name\":\"Mag. Edith Fasthuber\",\"description\":\"Praxis f\u00fcr Klinische Psychologie\",\"potentialAction\":[{\"@type\":\"SearchAction\",\"target\":{\"@type\":\"EntryPoint\",\"urlTemplate\":\"https:\/\/praxisfasthuber.at\/?s={search_term_string}\"},\"query-input\":{\"@type\":\"PropertyValueSpecification\",\"valueRequired\":true,\"valueName\":\"search_term_string\"}}],\"inLanguage\":\"de\"}]}<\/script>\n<!-- \/ Yoast SEO plugin. -->","yoast_head_json":{"title":"Diagnostik - Mag. Edith Fasthuber","robots":{"index":"index","follow":"follow","max-snippet":"max-snippet:-1","max-image-preview":"max-image-preview:large","max-video-preview":"max-video-preview:-1"},"canonical":"https:\/\/praxisfasthuber.at\/index.php\/diagnostik\/","og_locale":"de_DE","og_type":"article","og_title":"Diagnostik - Mag. Edith Fasthuber","og_description":"Diagnostik Die Diagnostik besteht aus dem psychologischen Gespr\u00e4ch (Exploration) und der Untersuchung mit Hilfe von neuropsychologischen Testverfahren. Aus dem Explorationsgespr\u00e4ch k\u00f6nnen erste Hinweise bez\u00fcglich des kognitiven (d.h. geistigen) Leistungsverm\u00f6gens und der psychischen Befindlichkeit entnommen werden.&hellip; Mehr","og_url":"https:\/\/praxisfasthuber.at\/index.php\/diagnostik\/","og_site_name":"Mag. Edith Fasthuber","article_modified_time":"2023-02-06T11:34:00+00:00","og_image":[{"url":"https:\/\/praxisfasthuber.at\/wp-content\/uploads\/2022\/08\/Diagnostik.jpg","type":"","width":"","height":""}],"twitter_card":"summary_large_image","twitter_misc":{"Gesch\u00e4tzte Lesezeit":"1\u00a0Minute"},"schema":{"@context":"https:\/\/schema.org","@graph":[{"@type":"WebPage","@id":"https:\/\/praxisfasthuber.at\/index.php\/diagnostik\/","url":"https:\/\/praxisfasthuber.at\/index.php\/diagnostik\/","name":"Diagnostik - Mag. Edith Fasthuber","isPartOf":{"@id":"https:\/\/praxisfasthuber.at\/#website"},"primaryImageOfPage":{"@id":"https:\/\/praxisfasthuber.at\/index.php\/diagnostik\/#primaryimage"},"image":{"@id":"https:\/\/praxisfasthuber.at\/index.php\/diagnostik\/#primaryimage"},"thumbnailUrl":"https:\/\/praxisfasthuber.at\/wp-content\/uploads\/2022\/08\/Diagnostik.jpg","datePublished":"2022-08-27T13:40:49+00:00","dateModified":"2023-02-06T11:34:00+00:00","breadcrumb":{"@id":"https:\/\/praxisfasthuber.at\/index.php\/diagnostik\/#breadcrumb"},"inLanguage":"de","potentialAction":[{"@type":"ReadAction","target":["https:\/\/praxisfasthuber.at\/index.php\/diagnostik\/"]}]},{"@type":"ImageObject","inLanguage":"de","@id":"https:\/\/praxisfasthuber.at\/index.php\/diagnostik\/#primaryimage","url":"https:\/\/praxisfasthuber.at\/wp-content\/uploads\/2022\/08\/Diagnostik.jpg","contentUrl":"https:\/\/praxisfasthuber.at\/wp-content\/uploads\/2022\/08\/Diagnostik.jpg","width":760,"height":427,"caption":"Diagnostik"},{"@type":"BreadcrumbList","@id":"https:\/\/praxisfasthuber.at\/index.php\/diagnostik\/#breadcrumb","itemListElement":[{"@type":"ListItem","position":1,"name":"Startseite","item":"https:\/\/praxisfasthuber.at\/"},{"@type":"ListItem","position":2,"name":"Diagnostik"}]},{"@type":"WebSite","@id":"https:\/\/praxisfasthuber.at\/#website","url":"https:\/\/praxisfasthuber.at\/","name":"Mag. Edith Fasthuber","description":"Praxis f\u00fcr Klinische Psychologie","potentialAction":[{"@type":"SearchAction","target":{"@type":"EntryPoint","urlTemplate":"https:\/\/praxisfasthuber.at\/?s={search_term_string}"},"query-input":{"@type":"PropertyValueSpecification","valueRequired":true,"valueName":"search_term_string"}}],"inLanguage":"de"}]}},"_links":{"self":[{"href":"https:\/\/praxisfasthuber.at\/index.php\/wp-json\/wp\/v2\/pages\/22","targetHints":{"allow":["GET"]}}],"collection":[{"href":"https:\/\/praxisfasthuber.at\/index.php\/wp-json\/wp\/v2\/pages"}],"about":[{"href":"https:\/\/praxisfasthuber.at\/index.php\/wp-json\/wp\/v2\/types\/page"}],"author":[{"embeddable":true,"href":"https:\/\/praxisfasthuber.at\/index.php\/wp-json\/wp\/v2\/users\/1"}],"replies":[{"embeddable":true,"href":"https:\/\/praxisfasthuber.at\/index.php\/wp-json\/wp\/v2\/comments?post=22"}],"version-history":[{"count":55,"href":"https:\/\/praxisfasthuber.at\/index.php\/wp-json\/wp\/v2\/pages\/22\/revisions"}],"predecessor-version":[{"id":1148,"href":"https:\/\/praxisfasthuber.at\/index.php\/wp-json\/wp\/v2\/pages\/22\/revisions\/1148"}],"wp:attachment":[{"href":"https:\/\/praxisfasthuber.at\/index.php\/wp-json\/wp\/v2\/media?parent=22"}],"curies":[{"name":"wp","href":"https:\/\/api.w.org\/{rel}","templated":true}]}}