{"id":27,"date":"2022-08-27T13:41:33","date_gmt":"2022-08-27T13:41:33","guid":{"rendered":"https:\/\/kunde29.die-website-spezialisten.at\/?page_id=27"},"modified":"2026-01-19T11:26:00","modified_gmt":"2026-01-19T11:26:00","slug":"behandlung","status":"publish","type":"page","link":"https:\/\/praxisfasthuber.at\/index.php\/behandlung\/","title":{"rendered":"Behandlung"},"content":{"rendered":"\t\t<div data-elementor-type=\"wp-page\" data-elementor-id=\"27\" class=\"elementor elementor-27\">\n\t\t\t\t\t\t<section class=\"elementor-section elementor-top-section elementor-element elementor-element-29e7dc6 elementor-section-boxed elementor-section-height-default elementor-section-height-default\" data-id=\"29e7dc6\" data-element_type=\"section\" data-e-type=\"section\">\n\t\t\t\t\t\t<div class=\"elementor-container elementor-column-gap-default\">\n\t\t\t\t\t<div class=\"elementor-column elementor-col-100 elementor-top-column elementor-element elementor-element-26014fb\" data-id=\"26014fb\" data-element_type=\"column\" data-e-type=\"column\">\n\t\t\t<div class=\"elementor-widget-wrap elementor-element-populated\">\n\t\t\t\t\t\t<div class=\"elementor-element elementor-element-31f70a6 elementor-widget elementor-widget-heading\" data-id=\"31f70a6\" data-element_type=\"widget\" data-e-type=\"widget\" data-widget_type=\"heading.default\">\n\t\t\t\t<div class=\"elementor-widget-container\">\n\t\t\t\t\t<h1 class=\"elementor-heading-title elementor-size-default\">Behandlung<\/h1>\t\t\t\t<\/div>\n\t\t\t\t<\/div>\n\t\t\t\t<div class=\"elementor-element elementor-element-347789b elementor-widget elementor-widget-image\" data-id=\"347789b\" data-element_type=\"widget\" data-e-type=\"widget\" data-widget_type=\"image.default\">\n\t\t\t\t<div class=\"elementor-widget-container\">\n\t\t\t\t\t\t\t\t\t\t\t\t\t\t\t<img fetchpriority=\"high\" decoding=\"async\" width=\"760\" height=\"531\" src=\"https:\/\/praxisfasthuber.at\/wp-content\/uploads\/2022\/08\/Behandlung.jpg\" class=\"attachment-full size-full wp-image-300\" alt=\"Behandlung\" srcset=\"https:\/\/praxisfasthuber.at\/wp-content\/uploads\/2022\/08\/Behandlung.jpg 760w, https:\/\/praxisfasthuber.at\/wp-content\/uploads\/2022\/08\/Behandlung-300x210.jpg 300w, https:\/\/praxisfasthuber.at\/wp-content\/uploads\/2022\/08\/Behandlung-624x436.jpg 624w\" sizes=\"(max-width: 760px) 100vw, 760px\" \/>\t\t\t\t\t\t\t\t\t\t\t\t\t\t\t<\/div>\n\t\t\t\t<\/div>\n\t\t\t\t<div class=\"elementor-element elementor-element-b438265 elementor-widget elementor-widget-text-editor\" data-id=\"b438265\" data-element_type=\"widget\" data-e-type=\"widget\" data-widget_type=\"text-editor.default\">\n\t\t\t\t<div class=\"elementor-widget-container\">\n\t\t\t\t\t\t\t\t\t<p>Die in meiner Praxis resultierenden Diagnostikergebnisse oder Ihre aktuellen psychologischen Vorbefunde (z.B. vom Akutspital oder einer station\u00e4ren Rehabilitation) dienen in weiterer Folge der Definition von Therapiezielen und der Behandlungsplanung.<\/p>\t\t\t\t\t\t\t\t<\/div>\n\t\t\t\t<\/div>\n\t\t\t\t<div class=\"elementor-element elementor-element-58e62c4 elementor-widget elementor-widget-text-editor\" data-id=\"58e62c4\" data-element_type=\"widget\" data-e-type=\"widget\" data-widget_type=\"text-editor.default\">\n\t\t\t\t<div class=\"elementor-widget-container\">\n\t\t\t\t\t\t\t\t\t<p>Eines der Hauptziele in der neuropsychologischen Behandlung ist die Minderung der Folgen einer Hirnsch\u00e4digung f\u00fcr das Erleben und Verhalten.<\/p>\t\t\t\t\t\t\t\t<\/div>\n\t\t\t\t<\/div>\n\t\t\t\t<div class=\"elementor-element elementor-element-8a4aff8 elementor-widget elementor-widget-text-editor\" data-id=\"8a4aff8\" data-element_type=\"widget\" data-e-type=\"widget\" data-widget_type=\"text-editor.default\">\n\t\t\t\t<div class=\"elementor-widget-container\">\n\t\t\t\t\t\t\t\t\t<p>F\u00fcr fast alle Bereiche gibt es effektive Trainingsmethoden mit einer Vielzahl von \u00dcbungsaufgaben. In meiner Praxis verwende ich f\u00fcr das direkte Training der betroffenen Funktionen gerne auch <strong>computergest\u00fctzte Trainingsverfahren<\/strong> (RehaCom, Fresh Minder, ITS). Dabei lege ich den Fokus jeweils auf die St\u00f6rungen, welche f\u00fcr Sie pers\u00f6nlich zu Beeintr\u00e4chtigungen und Leidenszust\u00e4nden in ihrem Alltag f\u00fchren.<\/p>\t\t\t\t\t\t\t\t<\/div>\n\t\t\t\t<\/div>\n\t\t\t\t<div class=\"elementor-element elementor-element-7f2eba2 elementor-widget elementor-widget-text-editor\" data-id=\"7f2eba2\" data-element_type=\"widget\" data-e-type=\"widget\" data-widget_type=\"text-editor.default\">\n\t\t\t\t<div class=\"elementor-widget-container\">\n\t\t\t\t\t\t\t\t\t<p>Im Unterschied zu dieser sogenannten Funktionstherapie werden im Kompensationstraining verbliebene Ressourcen und Potentiale gest\u00e4rkt und der Einsatz von Hilfsmitteln und Ersatzstrategien ge\u00fcbt. Bei Bedarf wird eine Beratung bzgl. Umgestaltung des Lebensumfeldes erfolgen.<\/p>\t\t\t\t\t\t\t\t<\/div>\n\t\t\t\t<\/div>\n\t\t\t\t<div class=\"elementor-element elementor-element-45659d9 elementor-widget elementor-widget-text-editor\" data-id=\"45659d9\" data-element_type=\"widget\" data-e-type=\"widget\" data-widget_type=\"text-editor.default\">\n\t\t\t\t<div class=\"elementor-widget-container\">\n\t\t\t\t\t\t\t\t\t<p>Beim integrativen Behandlungsansatz schlie\u00dflich steht mehr die <strong>Unterst\u00fctzung bei der Krankheitsverarbeitung<\/strong> und bei der Neudefinition von Lebenszielen und Perspektiven, die St\u00e4rkung des Selbstvertrauens oder auch die Beratung der Angeh\u00f6rigen im Vordergrund.<\/p>\t\t\t\t\t\t\t\t<\/div>\n\t\t\t\t<\/div>\n\t\t\t\t\t<\/div>\n\t\t<\/div>\n\t\t\t\t\t<\/div>\n\t\t<\/section>\n\t\t\t\t<\/div>\n\t\t","protected":false},"excerpt":{"rendered":"<p>Behandlung Die in meiner Praxis resultierenden Diagnostikergebnisse oder Ihre aktuellen psychologischen Vorbefunde (z.B. vom Akutspital oder einer station\u00e4ren Rehabilitation) dienen in weiterer Folge der Definition von Therapiezielen und der Behandlungsplanung. Eines der Hauptziele in der&hellip; <a href=\"https:\/\/praxisfasthuber.at\/index.php\/behandlung\/\">Mehr<\/a><\/p>\n","protected":false},"author":1,"featured_media":0,"parent":0,"menu_order":0,"comment_status":"closed","ping_status":"closed","template":"elementor_header_footer","meta":{"footnotes":""},"class_list":["post-27","page","type-page","status-publish","hentry"],"yoast_head":"<!-- This site is optimized with the Yoast SEO plugin v26.7 - https:\/\/yoast.com\/wordpress\/plugins\/seo\/ -->\n<title>Behandlung - Mag. Edith Fasthuber<\/title>\n<meta name=\"robots\" content=\"index, follow, max-snippet:-1, max-image-preview:large, max-video-preview:-1\" \/>\n<link rel=\"canonical\" href=\"https:\/\/praxisfasthuber.at\/index.php\/behandlung\/\" \/>\n<meta property=\"og:locale\" content=\"de_DE\" \/>\n<meta property=\"og:type\" content=\"article\" \/>\n<meta property=\"og:title\" content=\"Behandlung - Mag. Edith Fasthuber\" \/>\n<meta property=\"og:description\" content=\"Behandlung Die in meiner Praxis resultierenden Diagnostikergebnisse oder Ihre aktuellen psychologischen Vorbefunde (z.B. vom Akutspital oder einer station\u00e4ren Rehabilitation) dienen in weiterer Folge der Definition von Therapiezielen und der Behandlungsplanung. Eines der Hauptziele in der&hellip; Mehr\" \/>\n<meta property=\"og:url\" content=\"https:\/\/praxisfasthuber.at\/index.php\/behandlung\/\" \/>\n<meta property=\"og:site_name\" content=\"Mag. Edith Fasthuber\" \/>\n<meta property=\"article:modified_time\" content=\"2026-01-19T11:26:00+00:00\" \/>\n<meta property=\"og:image\" content=\"https:\/\/praxisfasthuber.at\/wp-content\/uploads\/2022\/08\/Behandlung.jpg\" \/>\n\t<meta property=\"og:image:width\" content=\"760\" \/>\n\t<meta property=\"og:image:height\" content=\"531\" \/>\n\t<meta property=\"og:image:type\" content=\"image\/jpeg\" \/>\n<meta name=\"twitter:card\" content=\"summary_large_image\" \/>\n<meta name=\"twitter:label1\" content=\"Gesch\u00e4tzte Lesezeit\" \/>\n\t<meta name=\"twitter:data1\" content=\"2\u00a0Minuten\" \/>\n<script type=\"application\/ld+json\" class=\"yoast-schema-graph\">{\"@context\":\"https:\/\/schema.org\",\"@graph\":[{\"@type\":\"WebPage\",\"@id\":\"https:\/\/praxisfasthuber.at\/index.php\/behandlung\/\",\"url\":\"https:\/\/praxisfasthuber.at\/index.php\/behandlung\/\",\"name\":\"Behandlung - Mag. Edith Fasthuber\",\"isPartOf\":{\"@id\":\"https:\/\/praxisfasthuber.at\/#website\"},\"primaryImageOfPage\":{\"@id\":\"https:\/\/praxisfasthuber.at\/index.php\/behandlung\/#primaryimage\"},\"image\":{\"@id\":\"https:\/\/praxisfasthuber.at\/index.php\/behandlung\/#primaryimage\"},\"thumbnailUrl\":\"https:\/\/praxisfasthuber.at\/wp-content\/uploads\/2022\/08\/Behandlung.jpg\",\"datePublished\":\"2022-08-27T13:41:33+00:00\",\"dateModified\":\"2026-01-19T11:26:00+00:00\",\"breadcrumb\":{\"@id\":\"https:\/\/praxisfasthuber.at\/index.php\/behandlung\/#breadcrumb\"},\"inLanguage\":\"de\",\"potentialAction\":[{\"@type\":\"ReadAction\",\"target\":[\"https:\/\/praxisfasthuber.at\/index.php\/behandlung\/\"]}]},{\"@type\":\"ImageObject\",\"inLanguage\":\"de\",\"@id\":\"https:\/\/praxisfasthuber.at\/index.php\/behandlung\/#primaryimage\",\"url\":\"https:\/\/praxisfasthuber.at\/wp-content\/uploads\/2022\/08\/Behandlung.jpg\",\"contentUrl\":\"https:\/\/praxisfasthuber.at\/wp-content\/uploads\/2022\/08\/Behandlung.jpg\",\"width\":760,\"height\":531,\"caption\":\"Behandlung\"},{\"@type\":\"BreadcrumbList\",\"@id\":\"https:\/\/praxisfasthuber.at\/index.php\/behandlung\/#breadcrumb\",\"itemListElement\":[{\"@type\":\"ListItem\",\"position\":1,\"name\":\"Startseite\",\"item\":\"https:\/\/praxisfasthuber.at\/\"},{\"@type\":\"ListItem\",\"position\":2,\"name\":\"Behandlung\"}]},{\"@type\":\"WebSite\",\"@id\":\"https:\/\/praxisfasthuber.at\/#website\",\"url\":\"https:\/\/praxisfasthuber.at\/\",\"name\":\"Mag. Edith Fasthuber\",\"description\":\"Praxis f\u00fcr Klinische Psychologie\",\"potentialAction\":[{\"@type\":\"SearchAction\",\"target\":{\"@type\":\"EntryPoint\",\"urlTemplate\":\"https:\/\/praxisfasthuber.at\/?s={search_term_string}\"},\"query-input\":{\"@type\":\"PropertyValueSpecification\",\"valueRequired\":true,\"valueName\":\"search_term_string\"}}],\"inLanguage\":\"de\"}]}<\/script>\n<!-- \/ Yoast SEO plugin. -->","yoast_head_json":{"title":"Behandlung - Mag. Edith Fasthuber","robots":{"index":"index","follow":"follow","max-snippet":"max-snippet:-1","max-image-preview":"max-image-preview:large","max-video-preview":"max-video-preview:-1"},"canonical":"https:\/\/praxisfasthuber.at\/index.php\/behandlung\/","og_locale":"de_DE","og_type":"article","og_title":"Behandlung - Mag. Edith Fasthuber","og_description":"Behandlung Die in meiner Praxis resultierenden Diagnostikergebnisse oder Ihre aktuellen psychologischen Vorbefunde (z.B. vom Akutspital oder einer station\u00e4ren Rehabilitation) dienen in weiterer Folge der Definition von Therapiezielen und der Behandlungsplanung. Eines der Hauptziele in der&hellip; Mehr","og_url":"https:\/\/praxisfasthuber.at\/index.php\/behandlung\/","og_site_name":"Mag. Edith Fasthuber","article_modified_time":"2026-01-19T11:26:00+00:00","og_image":[{"width":760,"height":531,"url":"https:\/\/praxisfasthuber.at\/wp-content\/uploads\/2022\/08\/Behandlung.jpg","type":"image\/jpeg"}],"twitter_card":"summary_large_image","twitter_misc":{"Gesch\u00e4tzte Lesezeit":"2\u00a0Minuten"},"schema":{"@context":"https:\/\/schema.org","@graph":[{"@type":"WebPage","@id":"https:\/\/praxisfasthuber.at\/index.php\/behandlung\/","url":"https:\/\/praxisfasthuber.at\/index.php\/behandlung\/","name":"Behandlung - Mag. Edith Fasthuber","isPartOf":{"@id":"https:\/\/praxisfasthuber.at\/#website"},"primaryImageOfPage":{"@id":"https:\/\/praxisfasthuber.at\/index.php\/behandlung\/#primaryimage"},"image":{"@id":"https:\/\/praxisfasthuber.at\/index.php\/behandlung\/#primaryimage"},"thumbnailUrl":"https:\/\/praxisfasthuber.at\/wp-content\/uploads\/2022\/08\/Behandlung.jpg","datePublished":"2022-08-27T13:41:33+00:00","dateModified":"2026-01-19T11:26:00+00:00","breadcrumb":{"@id":"https:\/\/praxisfasthuber.at\/index.php\/behandlung\/#breadcrumb"},"inLanguage":"de","potentialAction":[{"@type":"ReadAction","target":["https:\/\/praxisfasthuber.at\/index.php\/behandlung\/"]}]},{"@type":"ImageObject","inLanguage":"de","@id":"https:\/\/praxisfasthuber.at\/index.php\/behandlung\/#primaryimage","url":"https:\/\/praxisfasthuber.at\/wp-content\/uploads\/2022\/08\/Behandlung.jpg","contentUrl":"https:\/\/praxisfasthuber.at\/wp-content\/uploads\/2022\/08\/Behandlung.jpg","width":760,"height":531,"caption":"Behandlung"},{"@type":"BreadcrumbList","@id":"https:\/\/praxisfasthuber.at\/index.php\/behandlung\/#breadcrumb","itemListElement":[{"@type":"ListItem","position":1,"name":"Startseite","item":"https:\/\/praxisfasthuber.at\/"},{"@type":"ListItem","position":2,"name":"Behandlung"}]},{"@type":"WebSite","@id":"https:\/\/praxisfasthuber.at\/#website","url":"https:\/\/praxisfasthuber.at\/","name":"Mag. Edith Fasthuber","description":"Praxis f\u00fcr Klinische Psychologie","potentialAction":[{"@type":"SearchAction","target":{"@type":"EntryPoint","urlTemplate":"https:\/\/praxisfasthuber.at\/?s={search_term_string}"},"query-input":{"@type":"PropertyValueSpecification","valueRequired":true,"valueName":"search_term_string"}}],"inLanguage":"de"}]}},"_links":{"self":[{"href":"https:\/\/praxisfasthuber.at\/index.php\/wp-json\/wp\/v2\/pages\/27","targetHints":{"allow":["GET"]}}],"collection":[{"href":"https:\/\/praxisfasthuber.at\/index.php\/wp-json\/wp\/v2\/pages"}],"about":[{"href":"https:\/\/praxisfasthuber.at\/index.php\/wp-json\/wp\/v2\/types\/page"}],"author":[{"embeddable":true,"href":"https:\/\/praxisfasthuber.at\/index.php\/wp-json\/wp\/v2\/users\/1"}],"replies":[{"embeddable":true,"href":"https:\/\/praxisfasthuber.at\/index.php\/wp-json\/wp\/v2\/comments?post=27"}],"version-history":[{"count":94,"href":"https:\/\/praxisfasthuber.at\/index.php\/wp-json\/wp\/v2\/pages\/27\/revisions"}],"predecessor-version":[{"id":1222,"href":"https:\/\/praxisfasthuber.at\/index.php\/wp-json\/wp\/v2\/pages\/27\/revisions\/1222"}],"wp:attachment":[{"href":"https:\/\/praxisfasthuber.at\/index.php\/wp-json\/wp\/v2\/media?parent=27"}],"curies":[{"name":"wp","href":"https:\/\/api.w.org\/{rel}","templated":true}]}}