{"id":32,"date":"2022-08-27T13:42:49","date_gmt":"2022-08-27T13:42:49","guid":{"rendered":"https:\/\/kunde29.die-website-spezialisten.at\/?page_id=32"},"modified":"2022-09-06T21:10:56","modified_gmt":"2022-09-06T21:10:56","slug":"biofeedback","status":"publish","type":"page","link":"https:\/\/praxisfasthuber.at\/index.php\/biofeedback\/","title":{"rendered":"Biofeedback"},"content":{"rendered":"\t\t<div data-elementor-type=\"wp-page\" data-elementor-id=\"32\" class=\"elementor elementor-32\">\n\t\t\t\t\t\t<section class=\"elementor-section elementor-top-section elementor-element elementor-element-f7bafc3 elementor-section-boxed elementor-section-height-default elementor-section-height-default\" data-id=\"f7bafc3\" data-element_type=\"section\" data-e-type=\"section\">\n\t\t\t\t\t\t<div class=\"elementor-container elementor-column-gap-default\">\n\t\t\t\t\t<div class=\"elementor-column elementor-col-100 elementor-top-column elementor-element elementor-element-cef7e9e\" data-id=\"cef7e9e\" data-element_type=\"column\" data-e-type=\"column\">\n\t\t\t<div class=\"elementor-widget-wrap elementor-element-populated\">\n\t\t\t\t\t\t<div class=\"elementor-element elementor-element-8547542 elementor-widget elementor-widget-heading\" data-id=\"8547542\" data-element_type=\"widget\" data-e-type=\"widget\" data-widget_type=\"heading.default\">\n\t\t\t\t<div class=\"elementor-widget-container\">\n\t\t\t\t\t<h1 class=\"elementor-heading-title elementor-size-default\">Biofeedback<\/h1>\t\t\t\t<\/div>\n\t\t\t\t<\/div>\n\t\t\t\t<div class=\"elementor-element elementor-element-361f9fe elementor-widget elementor-widget-image\" data-id=\"361f9fe\" data-element_type=\"widget\" data-e-type=\"widget\" data-widget_type=\"image.default\">\n\t\t\t\t<div class=\"elementor-widget-container\">\n\t\t\t\t\t\t\t\t\t\t\t\t\t\t\t<img fetchpriority=\"high\" decoding=\"async\" width=\"760\" height=\"531\" src=\"https:\/\/praxisfasthuber.at\/wp-content\/uploads\/2022\/08\/Biofeedback-2.jpg\" class=\"attachment-full size-full wp-image-328\" alt=\"Biofeedback\" srcset=\"https:\/\/praxisfasthuber.at\/wp-content\/uploads\/2022\/08\/Biofeedback-2.jpg 760w, https:\/\/praxisfasthuber.at\/wp-content\/uploads\/2022\/08\/Biofeedback-2-300x210.jpg 300w, https:\/\/praxisfasthuber.at\/wp-content\/uploads\/2022\/08\/Biofeedback-2-624x436.jpg 624w\" sizes=\"(max-width: 760px) 100vw, 760px\" \/>\t\t\t\t\t\t\t\t\t\t\t\t\t\t\t<\/div>\n\t\t\t\t<\/div>\n\t\t\t\t<div class=\"elementor-element elementor-element-91003ca elementor-widget elementor-widget-text-editor\" data-id=\"91003ca\" data-element_type=\"widget\" data-e-type=\"widget\" data-widget_type=\"text-editor.default\">\n\t\t\t\t<div class=\"elementor-widget-container\">\n\t\t\t\t\t\t\t\t\t<p>Beim Biofeedback werden K\u00f6rperfunktionen wie die Muskelspannung, Atmung, periphere Durchblutung, Pulsfrequenz oder der Hautwiderstand mit geeigneten Ger\u00e4ten gemessen und unmittelbar \u00fcber einen Computerbildschirm (visuell) oder \u00fcber Lautsprecher (akustisch) r\u00fcckgemeldet. Dadurch k\u00f6nnen selbst kleinste Ver\u00e4nderungen im eigenen K\u00f6rper, die aufgrund psychischer oder physischer Vorg\u00e4nge auftreten, von Moment zu Moment wahrgenommen werden.<\/p>\t\t\t\t\t\t\t\t<\/div>\n\t\t\t\t<\/div>\n\t\t\t\t<div class=\"elementor-element elementor-element-a8e8ca0 elementor-widget elementor-widget-text-editor\" data-id=\"a8e8ca0\" data-element_type=\"widget\" data-e-type=\"widget\" data-widget_type=\"text-editor.default\">\n\t\t\t\t<div class=\"elementor-widget-container\">\n\t\t\t\t\t\t\t\t\t<p>Die R\u00fcckmeldung (\u201eFeedback\u201c) erm\u00f6glicht es Ihnen, ansonsten <strong>unwillk\u00fcrlich ablaufende biologische Vorg\u00e4nge wahrzunehmen<\/strong> und im Verlauf der einzelnen Sitzungen immer besser <strong>unter willentliche Kontrolle zu bringen.<\/strong>\n Gegen Ende der Biofeedbacktherapie wird es zunehmend wichtiger, die \ndurch das Biofeedback erworbenen Fertigkeiten auch ohne das Ger\u00e4t, d.h. \nohne Feedback von au\u00dfen, anwenden zu k\u00f6nnen.<\/p>\t\t\t\t\t\t\t\t<\/div>\n\t\t\t\t<\/div>\n\t\t\t\t\t<\/div>\n\t\t<\/div>\n\t\t\t\t\t<\/div>\n\t\t<\/section>\n\t\t\t\t<\/div>\n\t\t","protected":false},"excerpt":{"rendered":"<p>Biofeedback Beim Biofeedback werden K\u00f6rperfunktionen wie die Muskelspannung, Atmung, periphere Durchblutung, Pulsfrequenz oder der Hautwiderstand mit geeigneten Ger\u00e4ten gemessen und unmittelbar \u00fcber einen Computerbildschirm (visuell) oder \u00fcber Lautsprecher (akustisch) r\u00fcckgemeldet. Dadurch k\u00f6nnen selbst kleinste Ver\u00e4nderungen&hellip; <a href=\"https:\/\/praxisfasthuber.at\/index.php\/biofeedback\/\">Mehr<\/a><\/p>\n","protected":false},"author":1,"featured_media":0,"parent":0,"menu_order":0,"comment_status":"closed","ping_status":"closed","template":"elementor_header_footer","meta":{"footnotes":""},"class_list":["post-32","page","type-page","status-publish","hentry"],"yoast_head":"<!-- This site is optimized with the Yoast SEO plugin v26.7 - https:\/\/yoast.com\/wordpress\/plugins\/seo\/ -->\n<title>Biofeedback - Mag. Edith Fasthuber<\/title>\n<meta name=\"robots\" content=\"index, follow, max-snippet:-1, max-image-preview:large, max-video-preview:-1\" \/>\n<link rel=\"canonical\" href=\"https:\/\/praxisfasthuber.at\/index.php\/biofeedback\/\" \/>\n<meta property=\"og:locale\" content=\"de_DE\" \/>\n<meta property=\"og:type\" content=\"article\" \/>\n<meta property=\"og:title\" content=\"Biofeedback - Mag. Edith Fasthuber\" \/>\n<meta property=\"og:description\" content=\"Biofeedback Beim Biofeedback werden K\u00f6rperfunktionen wie die Muskelspannung, Atmung, periphere Durchblutung, Pulsfrequenz oder der Hautwiderstand mit geeigneten Ger\u00e4ten gemessen und unmittelbar \u00fcber einen Computerbildschirm (visuell) oder \u00fcber Lautsprecher (akustisch) r\u00fcckgemeldet. Dadurch k\u00f6nnen selbst kleinste Ver\u00e4nderungen&hellip; Mehr\" \/>\n<meta property=\"og:url\" content=\"https:\/\/praxisfasthuber.at\/index.php\/biofeedback\/\" \/>\n<meta property=\"og:site_name\" content=\"Mag. Edith Fasthuber\" \/>\n<meta property=\"article:modified_time\" content=\"2022-09-06T21:10:56+00:00\" \/>\n<meta property=\"og:image\" content=\"https:\/\/kunde29.die-website-spezialisten.at\/wp-content\/uploads\/2022\/08\/Biofeedback-2.jpg\" \/>\n<meta name=\"twitter:card\" content=\"summary_large_image\" \/>\n<meta name=\"twitter:label1\" content=\"Gesch\u00e4tzte Lesezeit\" \/>\n\t<meta name=\"twitter:data1\" content=\"1\u00a0Minute\" \/>\n<script type=\"application\/ld+json\" class=\"yoast-schema-graph\">{\"@context\":\"https:\/\/schema.org\",\"@graph\":[{\"@type\":\"WebPage\",\"@id\":\"https:\/\/praxisfasthuber.at\/index.php\/biofeedback\/\",\"url\":\"https:\/\/praxisfasthuber.at\/index.php\/biofeedback\/\",\"name\":\"Biofeedback - Mag. Edith Fasthuber\",\"isPartOf\":{\"@id\":\"https:\/\/praxisfasthuber.at\/#website\"},\"primaryImageOfPage\":{\"@id\":\"https:\/\/praxisfasthuber.at\/index.php\/biofeedback\/#primaryimage\"},\"image\":{\"@id\":\"https:\/\/praxisfasthuber.at\/index.php\/biofeedback\/#primaryimage\"},\"thumbnailUrl\":\"https:\/\/kunde29.die-website-spezialisten.at\/wp-content\/uploads\/2022\/08\/Biofeedback-2.jpg\",\"datePublished\":\"2022-08-27T13:42:49+00:00\",\"dateModified\":\"2022-09-06T21:10:56+00:00\",\"breadcrumb\":{\"@id\":\"https:\/\/praxisfasthuber.at\/index.php\/biofeedback\/#breadcrumb\"},\"inLanguage\":\"de\",\"potentialAction\":[{\"@type\":\"ReadAction\",\"target\":[\"https:\/\/praxisfasthuber.at\/index.php\/biofeedback\/\"]}]},{\"@type\":\"ImageObject\",\"inLanguage\":\"de\",\"@id\":\"https:\/\/praxisfasthuber.at\/index.php\/biofeedback\/#primaryimage\",\"url\":\"https:\/\/kunde29.die-website-spezialisten.at\/wp-content\/uploads\/2022\/08\/Biofeedback-2.jpg\",\"contentUrl\":\"https:\/\/kunde29.die-website-spezialisten.at\/wp-content\/uploads\/2022\/08\/Biofeedback-2.jpg\"},{\"@type\":\"BreadcrumbList\",\"@id\":\"https:\/\/praxisfasthuber.at\/index.php\/biofeedback\/#breadcrumb\",\"itemListElement\":[{\"@type\":\"ListItem\",\"position\":1,\"name\":\"Startseite\",\"item\":\"https:\/\/praxisfasthuber.at\/\"},{\"@type\":\"ListItem\",\"position\":2,\"name\":\"Biofeedback\"}]},{\"@type\":\"WebSite\",\"@id\":\"https:\/\/praxisfasthuber.at\/#website\",\"url\":\"https:\/\/praxisfasthuber.at\/\",\"name\":\"Mag. Edith Fasthuber\",\"description\":\"Praxis f\u00fcr Klinische Psychologie\",\"potentialAction\":[{\"@type\":\"SearchAction\",\"target\":{\"@type\":\"EntryPoint\",\"urlTemplate\":\"https:\/\/praxisfasthuber.at\/?s={search_term_string}\"},\"query-input\":{\"@type\":\"PropertyValueSpecification\",\"valueRequired\":true,\"valueName\":\"search_term_string\"}}],\"inLanguage\":\"de\"}]}<\/script>\n<!-- \/ Yoast SEO plugin. -->","yoast_head_json":{"title":"Biofeedback - Mag. Edith Fasthuber","robots":{"index":"index","follow":"follow","max-snippet":"max-snippet:-1","max-image-preview":"max-image-preview:large","max-video-preview":"max-video-preview:-1"},"canonical":"https:\/\/praxisfasthuber.at\/index.php\/biofeedback\/","og_locale":"de_DE","og_type":"article","og_title":"Biofeedback - Mag. Edith Fasthuber","og_description":"Biofeedback Beim Biofeedback werden K\u00f6rperfunktionen wie die Muskelspannung, Atmung, periphere Durchblutung, Pulsfrequenz oder der Hautwiderstand mit geeigneten Ger\u00e4ten gemessen und unmittelbar \u00fcber einen Computerbildschirm (visuell) oder \u00fcber Lautsprecher (akustisch) r\u00fcckgemeldet. Dadurch k\u00f6nnen selbst kleinste Ver\u00e4nderungen&hellip; Mehr","og_url":"https:\/\/praxisfasthuber.at\/index.php\/biofeedback\/","og_site_name":"Mag. Edith Fasthuber","article_modified_time":"2022-09-06T21:10:56+00:00","og_image":[{"url":"https:\/\/kunde29.die-website-spezialisten.at\/wp-content\/uploads\/2022\/08\/Biofeedback-2.jpg","type":"","width":"","height":""}],"twitter_card":"summary_large_image","twitter_misc":{"Gesch\u00e4tzte Lesezeit":"1\u00a0Minute"},"schema":{"@context":"https:\/\/schema.org","@graph":[{"@type":"WebPage","@id":"https:\/\/praxisfasthuber.at\/index.php\/biofeedback\/","url":"https:\/\/praxisfasthuber.at\/index.php\/biofeedback\/","name":"Biofeedback - Mag. Edith Fasthuber","isPartOf":{"@id":"https:\/\/praxisfasthuber.at\/#website"},"primaryImageOfPage":{"@id":"https:\/\/praxisfasthuber.at\/index.php\/biofeedback\/#primaryimage"},"image":{"@id":"https:\/\/praxisfasthuber.at\/index.php\/biofeedback\/#primaryimage"},"thumbnailUrl":"https:\/\/kunde29.die-website-spezialisten.at\/wp-content\/uploads\/2022\/08\/Biofeedback-2.jpg","datePublished":"2022-08-27T13:42:49+00:00","dateModified":"2022-09-06T21:10:56+00:00","breadcrumb":{"@id":"https:\/\/praxisfasthuber.at\/index.php\/biofeedback\/#breadcrumb"},"inLanguage":"de","potentialAction":[{"@type":"ReadAction","target":["https:\/\/praxisfasthuber.at\/index.php\/biofeedback\/"]}]},{"@type":"ImageObject","inLanguage":"de","@id":"https:\/\/praxisfasthuber.at\/index.php\/biofeedback\/#primaryimage","url":"https:\/\/kunde29.die-website-spezialisten.at\/wp-content\/uploads\/2022\/08\/Biofeedback-2.jpg","contentUrl":"https:\/\/kunde29.die-website-spezialisten.at\/wp-content\/uploads\/2022\/08\/Biofeedback-2.jpg"},{"@type":"BreadcrumbList","@id":"https:\/\/praxisfasthuber.at\/index.php\/biofeedback\/#breadcrumb","itemListElement":[{"@type":"ListItem","position":1,"name":"Startseite","item":"https:\/\/praxisfasthuber.at\/"},{"@type":"ListItem","position":2,"name":"Biofeedback"}]},{"@type":"WebSite","@id":"https:\/\/praxisfasthuber.at\/#website","url":"https:\/\/praxisfasthuber.at\/","name":"Mag. Edith Fasthuber","description":"Praxis f\u00fcr Klinische Psychologie","potentialAction":[{"@type":"SearchAction","target":{"@type":"EntryPoint","urlTemplate":"https:\/\/praxisfasthuber.at\/?s={search_term_string}"},"query-input":{"@type":"PropertyValueSpecification","valueRequired":true,"valueName":"search_term_string"}}],"inLanguage":"de"}]}},"_links":{"self":[{"href":"https:\/\/praxisfasthuber.at\/index.php\/wp-json\/wp\/v2\/pages\/32","targetHints":{"allow":["GET"]}}],"collection":[{"href":"https:\/\/praxisfasthuber.at\/index.php\/wp-json\/wp\/v2\/pages"}],"about":[{"href":"https:\/\/praxisfasthuber.at\/index.php\/wp-json\/wp\/v2\/types\/page"}],"author":[{"embeddable":true,"href":"https:\/\/praxisfasthuber.at\/index.php\/wp-json\/wp\/v2\/users\/1"}],"replies":[{"embeddable":true,"href":"https:\/\/praxisfasthuber.at\/index.php\/wp-json\/wp\/v2\/comments?post=32"}],"version-history":[{"count":46,"href":"https:\/\/praxisfasthuber.at\/index.php\/wp-json\/wp\/v2\/pages\/32\/revisions"}],"predecessor-version":[{"id":916,"href":"https:\/\/praxisfasthuber.at\/index.php\/wp-json\/wp\/v2\/pages\/32\/revisions\/916"}],"wp:attachment":[{"href":"https:\/\/praxisfasthuber.at\/index.php\/wp-json\/wp\/v2\/media?parent=32"}],"curies":[{"name":"wp","href":"https:\/\/api.w.org\/{rel}","templated":true}]}}