{"id":42,"date":"2022-08-27T13:45:13","date_gmt":"2022-08-27T13:45:13","guid":{"rendered":"https:\/\/kunde29.die-website-spezialisten.at\/?page_id=42"},"modified":"2022-09-06T21:12:13","modified_gmt":"2022-09-06T21:12:13","slug":"indikation","status":"publish","type":"page","link":"https:\/\/praxisfasthuber.at\/index.php\/indikation\/","title":{"rendered":"Indikation"},"content":{"rendered":"\t\t<div data-elementor-type=\"wp-page\" data-elementor-id=\"42\" class=\"elementor elementor-42\">\n\t\t\t\t\t\t<section class=\"elementor-section elementor-top-section elementor-element elementor-element-41d1bf8 elementor-section-boxed elementor-section-height-default elementor-section-height-default\" data-id=\"41d1bf8\" data-element_type=\"section\" data-e-type=\"section\">\n\t\t\t\t\t\t<div class=\"elementor-container elementor-column-gap-default\">\n\t\t\t\t\t<div class=\"elementor-column elementor-col-100 elementor-top-column elementor-element elementor-element-a06afc6\" data-id=\"a06afc6\" data-element_type=\"column\" data-e-type=\"column\">\n\t\t\t<div class=\"elementor-widget-wrap elementor-element-populated\">\n\t\t\t\t\t\t<div class=\"elementor-element elementor-element-3b45fd8 elementor-widget elementor-widget-heading\" data-id=\"3b45fd8\" data-element_type=\"widget\" data-e-type=\"widget\" data-widget_type=\"heading.default\">\n\t\t\t\t<div class=\"elementor-widget-container\">\n\t\t\t\t\t<h1 class=\"elementor-heading-title elementor-size-default\">Indikation<\/h1>\t\t\t\t<\/div>\n\t\t\t\t<\/div>\n\t\t\t\t<div class=\"elementor-element elementor-element-d53b5ab elementor-widget elementor-widget-text-editor\" data-id=\"d53b5ab\" data-element_type=\"widget\" data-e-type=\"widget\" data-widget_type=\"text-editor.default\">\n\t\t\t\t<div class=\"elementor-widget-container\">\n\t\t\t\t\t\t\t\t\t<p>Biofeedback ist im Rahmen der Gesundheitspsychologie f\u00fcr alle geeignet, die ihren K\u00f6rper besser kennenlernen und pr\u00e4ventive,\u00a0gesundheitsf\u00f6rdernde Ma\u00dfnahmen ergreifen wollen.<\/p>\t\t\t\t\t\t\t\t<\/div>\n\t\t\t\t<\/div>\n\t\t\t\t<div class=\"elementor-element elementor-element-a4a82e0 elementor-widget elementor-widget-text-editor\" data-id=\"a4a82e0\" data-element_type=\"widget\" data-e-type=\"widget\" data-widget_type=\"text-editor.default\">\n\t\t\t\t<div class=\"elementor-widget-container\">\n\t\t\t\t\t\t\t\t\t<p>Im Bereich der Klinischen Psychologie kann Biofeedback nach wissenschaftlichen Kriterien aber auch\u00a0die Behandlung bestimmter Krankheiten aktiv unterst\u00fctzen:<\/p>\t\t\t\t\t\t\t\t<\/div>\n\t\t\t\t<\/div>\n\t\t\t\t<div class=\"elementor-element elementor-element-d7e07dd elementor-widget elementor-widget-text-editor\" data-id=\"d7e07dd\" data-element_type=\"widget\" data-e-type=\"widget\" data-widget_type=\"text-editor.default\">\n\t\t\t\t<div class=\"elementor-widget-container\">\n\t\t\t\t\t\t\t\t\t<ul><li>Angstst\u00f6rungen (v.a. Panikattacken)<\/li><li>Bluthochdruck (essentielle Hypertonie)<\/li><li>Durchblutungsst\u00f6rungen der Finger (Morbus Raynaud)<\/li><li>Migr\u00e4ne<\/li><li>Schlafst\u00f6rungen, Unruhe<\/li><li>Schmerzen (Spannungskopfschmerz, chronische R\u00fcckenschmerzen)<\/li><li>Spastischer Schiefhals (Torticollis)<\/li><li>Z\u00e4hneknirschen (Bruxismus)<\/li><\/ul>\t\t\t\t\t\t\t\t<\/div>\n\t\t\t\t<\/div>\n\t\t\t\t\t<\/div>\n\t\t<\/div>\n\t\t\t\t\t<\/div>\n\t\t<\/section>\n\t\t\t\t<\/div>\n\t\t","protected":false},"excerpt":{"rendered":"<p>Indikation Biofeedback ist im Rahmen der Gesundheitspsychologie f\u00fcr alle geeignet, die ihren K\u00f6rper besser kennenlernen und pr\u00e4ventive,\u00a0gesundheitsf\u00f6rdernde Ma\u00dfnahmen ergreifen wollen. Im Bereich der Klinischen Psychologie kann Biofeedback nach wissenschaftlichen Kriterien aber auch\u00a0die Behandlung bestimmter Krankheiten&hellip; <a href=\"https:\/\/praxisfasthuber.at\/index.php\/indikation\/\">Mehr<\/a><\/p>\n","protected":false},"author":1,"featured_media":0,"parent":0,"menu_order":0,"comment_status":"closed","ping_status":"closed","template":"elementor_header_footer","meta":{"footnotes":""},"class_list":["post-42","page","type-page","status-publish","hentry"],"yoast_head":"<!-- This site is optimized with the Yoast SEO plugin v26.7 - https:\/\/yoast.com\/wordpress\/plugins\/seo\/ -->\n<title>Indikation - Mag. Edith Fasthuber<\/title>\n<meta name=\"robots\" content=\"index, follow, max-snippet:-1, max-image-preview:large, max-video-preview:-1\" \/>\n<link rel=\"canonical\" href=\"https:\/\/praxisfasthuber.at\/index.php\/indikation\/\" \/>\n<meta property=\"og:locale\" content=\"de_DE\" \/>\n<meta property=\"og:type\" content=\"article\" \/>\n<meta property=\"og:title\" content=\"Indikation - Mag. Edith Fasthuber\" \/>\n<meta property=\"og:description\" content=\"Indikation Biofeedback ist im Rahmen der Gesundheitspsychologie f\u00fcr alle geeignet, die ihren K\u00f6rper besser kennenlernen und pr\u00e4ventive,\u00a0gesundheitsf\u00f6rdernde Ma\u00dfnahmen ergreifen wollen. Im Bereich der Klinischen Psychologie kann Biofeedback nach wissenschaftlichen Kriterien aber auch\u00a0die Behandlung bestimmter Krankheiten&hellip; Mehr\" \/>\n<meta property=\"og:url\" content=\"https:\/\/praxisfasthuber.at\/index.php\/indikation\/\" \/>\n<meta property=\"og:site_name\" content=\"Mag. Edith Fasthuber\" \/>\n<meta property=\"article:modified_time\" content=\"2022-09-06T21:12:13+00:00\" \/>\n<meta name=\"twitter:card\" content=\"summary_large_image\" \/>\n<meta name=\"twitter:label1\" content=\"Gesch\u00e4tzte Lesezeit\" \/>\n\t<meta name=\"twitter:data1\" content=\"1\u00a0Minute\" \/>\n<script type=\"application\/ld+json\" class=\"yoast-schema-graph\">{\"@context\":\"https:\/\/schema.org\",\"@graph\":[{\"@type\":\"WebPage\",\"@id\":\"https:\/\/praxisfasthuber.at\/index.php\/indikation\/\",\"url\":\"https:\/\/praxisfasthuber.at\/index.php\/indikation\/\",\"name\":\"Indikation - Mag. Edith Fasthuber\",\"isPartOf\":{\"@id\":\"https:\/\/praxisfasthuber.at\/#website\"},\"datePublished\":\"2022-08-27T13:45:13+00:00\",\"dateModified\":\"2022-09-06T21:12:13+00:00\",\"breadcrumb\":{\"@id\":\"https:\/\/praxisfasthuber.at\/index.php\/indikation\/#breadcrumb\"},\"inLanguage\":\"de\",\"potentialAction\":[{\"@type\":\"ReadAction\",\"target\":[\"https:\/\/praxisfasthuber.at\/index.php\/indikation\/\"]}]},{\"@type\":\"BreadcrumbList\",\"@id\":\"https:\/\/praxisfasthuber.at\/index.php\/indikation\/#breadcrumb\",\"itemListElement\":[{\"@type\":\"ListItem\",\"position\":1,\"name\":\"Startseite\",\"item\":\"https:\/\/praxisfasthuber.at\/\"},{\"@type\":\"ListItem\",\"position\":2,\"name\":\"Indikation\"}]},{\"@type\":\"WebSite\",\"@id\":\"https:\/\/praxisfasthuber.at\/#website\",\"url\":\"https:\/\/praxisfasthuber.at\/\",\"name\":\"Mag. Edith Fasthuber\",\"description\":\"Praxis f\u00fcr Klinische Psychologie\",\"potentialAction\":[{\"@type\":\"SearchAction\",\"target\":{\"@type\":\"EntryPoint\",\"urlTemplate\":\"https:\/\/praxisfasthuber.at\/?s={search_term_string}\"},\"query-input\":{\"@type\":\"PropertyValueSpecification\",\"valueRequired\":true,\"valueName\":\"search_term_string\"}}],\"inLanguage\":\"de\"}]}<\/script>\n<!-- \/ Yoast SEO plugin. -->","yoast_head_json":{"title":"Indikation - Mag. Edith Fasthuber","robots":{"index":"index","follow":"follow","max-snippet":"max-snippet:-1","max-image-preview":"max-image-preview:large","max-video-preview":"max-video-preview:-1"},"canonical":"https:\/\/praxisfasthuber.at\/index.php\/indikation\/","og_locale":"de_DE","og_type":"article","og_title":"Indikation - Mag. Edith Fasthuber","og_description":"Indikation Biofeedback ist im Rahmen der Gesundheitspsychologie f\u00fcr alle geeignet, die ihren K\u00f6rper besser kennenlernen und pr\u00e4ventive,\u00a0gesundheitsf\u00f6rdernde Ma\u00dfnahmen ergreifen wollen. Im Bereich der Klinischen Psychologie kann Biofeedback nach wissenschaftlichen Kriterien aber auch\u00a0die Behandlung bestimmter Krankheiten&hellip; Mehr","og_url":"https:\/\/praxisfasthuber.at\/index.php\/indikation\/","og_site_name":"Mag. Edith Fasthuber","article_modified_time":"2022-09-06T21:12:13+00:00","twitter_card":"summary_large_image","twitter_misc":{"Gesch\u00e4tzte Lesezeit":"1\u00a0Minute"},"schema":{"@context":"https:\/\/schema.org","@graph":[{"@type":"WebPage","@id":"https:\/\/praxisfasthuber.at\/index.php\/indikation\/","url":"https:\/\/praxisfasthuber.at\/index.php\/indikation\/","name":"Indikation - Mag. Edith Fasthuber","isPartOf":{"@id":"https:\/\/praxisfasthuber.at\/#website"},"datePublished":"2022-08-27T13:45:13+00:00","dateModified":"2022-09-06T21:12:13+00:00","breadcrumb":{"@id":"https:\/\/praxisfasthuber.at\/index.php\/indikation\/#breadcrumb"},"inLanguage":"de","potentialAction":[{"@type":"ReadAction","target":["https:\/\/praxisfasthuber.at\/index.php\/indikation\/"]}]},{"@type":"BreadcrumbList","@id":"https:\/\/praxisfasthuber.at\/index.php\/indikation\/#breadcrumb","itemListElement":[{"@type":"ListItem","position":1,"name":"Startseite","item":"https:\/\/praxisfasthuber.at\/"},{"@type":"ListItem","position":2,"name":"Indikation"}]},{"@type":"WebSite","@id":"https:\/\/praxisfasthuber.at\/#website","url":"https:\/\/praxisfasthuber.at\/","name":"Mag. Edith Fasthuber","description":"Praxis f\u00fcr Klinische Psychologie","potentialAction":[{"@type":"SearchAction","target":{"@type":"EntryPoint","urlTemplate":"https:\/\/praxisfasthuber.at\/?s={search_term_string}"},"query-input":{"@type":"PropertyValueSpecification","valueRequired":true,"valueName":"search_term_string"}}],"inLanguage":"de"}]}},"_links":{"self":[{"href":"https:\/\/praxisfasthuber.at\/index.php\/wp-json\/wp\/v2\/pages\/42","targetHints":{"allow":["GET"]}}],"collection":[{"href":"https:\/\/praxisfasthuber.at\/index.php\/wp-json\/wp\/v2\/pages"}],"about":[{"href":"https:\/\/praxisfasthuber.at\/index.php\/wp-json\/wp\/v2\/types\/page"}],"author":[{"embeddable":true,"href":"https:\/\/praxisfasthuber.at\/index.php\/wp-json\/wp\/v2\/users\/1"}],"replies":[{"embeddable":true,"href":"https:\/\/praxisfasthuber.at\/index.php\/wp-json\/wp\/v2\/comments?post=42"}],"version-history":[{"count":46,"href":"https:\/\/praxisfasthuber.at\/index.php\/wp-json\/wp\/v2\/pages\/42\/revisions"}],"predecessor-version":[{"id":925,"href":"https:\/\/praxisfasthuber.at\/index.php\/wp-json\/wp\/v2\/pages\/42\/revisions\/925"}],"wp:attachment":[{"href":"https:\/\/praxisfasthuber.at\/index.php\/wp-json\/wp\/v2\/media?parent=42"}],"curies":[{"name":"wp","href":"https:\/\/api.w.org\/{rel}","templated":true}]}}