{"id":47,"date":"2022-08-27T13:46:03","date_gmt":"2022-08-27T13:46:03","guid":{"rendered":"https:\/\/kunde29.die-website-spezialisten.at\/?page_id=47"},"modified":"2023-01-29T09:40:15","modified_gmt":"2023-01-29T09:40:15","slug":"ueber-mich","status":"publish","type":"page","link":"https:\/\/praxisfasthuber.at\/index.php\/ueber-mich\/","title":{"rendered":"\u00dcber mich"},"content":{"rendered":"\t\t<div data-elementor-type=\"wp-page\" data-elementor-id=\"47\" class=\"elementor elementor-47\">\n\t\t\t\t\t\t<section class=\"elementor-section elementor-top-section elementor-element elementor-element-2aad015 elementor-section-boxed elementor-section-height-default elementor-section-height-default\" data-id=\"2aad015\" data-element_type=\"section\" data-e-type=\"section\">\n\t\t\t\t\t\t<div class=\"elementor-container elementor-column-gap-default\">\n\t\t\t\t\t<div class=\"elementor-column elementor-col-100 elementor-top-column elementor-element elementor-element-4928426\" data-id=\"4928426\" data-element_type=\"column\" data-e-type=\"column\">\n\t\t\t<div class=\"elementor-widget-wrap elementor-element-populated\">\n\t\t\t\t\t\t<div class=\"elementor-element elementor-element-274cf3b elementor-widget elementor-widget-heading\" data-id=\"274cf3b\" data-element_type=\"widget\" data-e-type=\"widget\" data-widget_type=\"heading.default\">\n\t\t\t\t<div class=\"elementor-widget-container\">\n\t\t\t\t\t<h1 class=\"elementor-heading-title elementor-size-default\">\u00dcber mich<\/h1>\t\t\t\t<\/div>\n\t\t\t\t<\/div>\n\t\t\t\t<div class=\"elementor-element elementor-element-6d8d79c elementor-widget elementor-widget-image\" data-id=\"6d8d79c\" data-element_type=\"widget\" data-e-type=\"widget\" data-widget_type=\"image.default\">\n\t\t\t\t<div class=\"elementor-widget-container\">\n\t\t\t\t\t\t\t\t\t\t\t\t\t\t\t<img fetchpriority=\"high\" decoding=\"async\" width=\"760\" height=\"531\" src=\"https:\/\/praxisfasthuber.at\/wp-content\/uploads\/2022\/08\/0061.jpg\" class=\"attachment-full size-full wp-image-206\" alt=\"Mag. Edith Fasthuber\" srcset=\"https:\/\/praxisfasthuber.at\/wp-content\/uploads\/2022\/08\/0061.jpg 760w, https:\/\/praxisfasthuber.at\/wp-content\/uploads\/2022\/08\/0061-300x210.jpg 300w, https:\/\/praxisfasthuber.at\/wp-content\/uploads\/2022\/08\/0061-624x436.jpg 624w\" sizes=\"(max-width: 760px) 100vw, 760px\" \/>\t\t\t\t\t\t\t\t\t\t\t\t\t\t\t<\/div>\n\t\t\t\t<\/div>\n\t\t\t\t<div class=\"elementor-element elementor-element-04a9bbf elementor-widget elementor-widget-text-editor\" data-id=\"04a9bbf\" data-element_type=\"widget\" data-e-type=\"widget\" data-widget_type=\"text-editor.default\">\n\t\t\t\t<div class=\"elementor-widget-container\">\n\t\t\t\t\t\t\t\t\t<p>1979 in Wels geboren und aufgewachsen in Thalheim bei Wels, war ich aufgrund meines Psychologiestudiums und meiner ersten Berufst\u00e4tigkeit 12 Jahre lang in Wien zu Hause.<\/p>\t\t\t\t\t\t\t\t<\/div>\n\t\t\t\t<\/div>\n\t\t\t\t<div class=\"elementor-element elementor-element-fbb4711 elementor-widget elementor-widget-text-editor\" data-id=\"fbb4711\" data-element_type=\"widget\" data-e-type=\"widget\" data-widget_type=\"text-editor.default\">\n\t\t\t\t<div class=\"elementor-widget-container\">\n\t\t\t\t\t\t\t\t\t<p>Nach Abschluss meines Studiums Anfang 2003 sammelte ich bis zur Geburt meines Sohnes im Jahr 2008 meine ersten Berufserfahrungen in der Klinik Pirawarth f\u00fcr Neurologie, Orthop\u00e4die und Psychosomatik in Nieder\u00f6sterreich. In diese Zeit f\u00e4llt auch meine postgraduelle Ausbildung zur Klinischen Psychologin und Gesundheitspsychologin am Hochschullehrgang\u00a0 KlinGes der Universit\u00e4t Wien, meine Weiterbildung in Klinischer Neuropsychologie bei der Gesellschaft f\u00fcr Neuropsychologie \u00d6sterreich sowie meine Ausbildung zur Biofeedbacktherapeutin bei der Europ\u00e4ischen Biofeedback Akademie.<\/p>\t\t\t\t\t\t\t\t<\/div>\n\t\t\t\t<\/div>\n\t\t\t\t<div class=\"elementor-element elementor-element-10b3b3e elementor-widget elementor-widget-text-editor\" data-id=\"10b3b3e\" data-element_type=\"widget\" data-e-type=\"widget\" data-widget_type=\"text-editor.default\">\n\t\t\t\t<div class=\"elementor-widget-container\">\n\t\t\t\t\t\t\t\t\t<p>Nach der \u00dcbersiedlung nach Wels im Jahr 2009 f\u00fchrte ich meine Berufst\u00e4tigkeit im Landeskrankenhaus V\u00f6cklabruck mit dem Arbeitsschwerpunkt Neuropsychologie bis zur Geburt meiner Tochter 2011 fort. Der berufliche Wiedereinstieg nach der Karenz erfolgte 2013 im Klinikum Bad Hall f\u00fcr Herz-Kreislauf- und neurologische Rehabilitation.<\/p>\t\t\t\t\t\t\t\t<\/div>\n\t\t\t\t<\/div>\n\t\t\t\t<div class=\"elementor-element elementor-element-c2ea4a8 elementor-widget elementor-widget-text-editor\" data-id=\"c2ea4a8\" data-element_type=\"widget\" data-e-type=\"widget\" data-widget_type=\"text-editor.default\">\n\t\t\t\t<div class=\"elementor-widget-container\">\n\t\t\t\t\t\t\t\t\t<p>Seit 2015 arbeite ich als Klinische Psychologin und Gesundheitspsychologin im <strong>Gesundheitszentrum Wels <\/strong>und seit 2021 auch im<strong> Gesundheitszentrum V\u00f6cklabruck der \u00d6GK. <br \/><\/strong><\/p>\t\t\t\t\t\t\t\t<\/div>\n\t\t\t\t<\/div>\n\t\t\t\t\t<\/div>\n\t\t<\/div>\n\t\t\t\t\t<\/div>\n\t\t<\/section>\n\t\t\t\t<\/div>\n\t\t","protected":false},"excerpt":{"rendered":"<p>\u00dcber mich 1979 in Wels geboren und aufgewachsen in Thalheim bei Wels, war ich aufgrund meines Psychologiestudiums und meiner ersten Berufst\u00e4tigkeit 12 Jahre lang in Wien zu Hause. Nach Abschluss meines Studiums Anfang 2003 sammelte&hellip; <a href=\"https:\/\/praxisfasthuber.at\/index.php\/ueber-mich\/\">Mehr<\/a><\/p>\n","protected":false},"author":1,"featured_media":0,"parent":0,"menu_order":0,"comment_status":"closed","ping_status":"closed","template":"elementor_header_footer","meta":{"footnotes":""},"class_list":["post-47","page","type-page","status-publish","hentry"],"yoast_head":"<!-- This site is optimized with the Yoast SEO plugin v26.7 - https:\/\/yoast.com\/wordpress\/plugins\/seo\/ -->\n<title>\u00dcber mich - Mag. Edith Fasthuber<\/title>\n<meta name=\"robots\" content=\"index, follow, max-snippet:-1, max-image-preview:large, max-video-preview:-1\" \/>\n<link rel=\"canonical\" href=\"https:\/\/praxisfasthuber.at\/index.php\/ueber-mich\/\" \/>\n<meta property=\"og:locale\" content=\"de_DE\" \/>\n<meta property=\"og:type\" content=\"article\" \/>\n<meta property=\"og:title\" content=\"\u00dcber mich - Mag. Edith Fasthuber\" \/>\n<meta property=\"og:description\" content=\"\u00dcber mich 1979 in Wels geboren und aufgewachsen in Thalheim bei Wels, war ich aufgrund meines Psychologiestudiums und meiner ersten Berufst\u00e4tigkeit 12 Jahre lang in Wien zu Hause. Nach Abschluss meines Studiums Anfang 2003 sammelte&hellip; Mehr\" \/>\n<meta property=\"og:url\" content=\"https:\/\/praxisfasthuber.at\/index.php\/ueber-mich\/\" \/>\n<meta property=\"og:site_name\" content=\"Mag. Edith Fasthuber\" \/>\n<meta property=\"article:modified_time\" content=\"2023-01-29T09:40:15+00:00\" \/>\n<meta property=\"og:image\" content=\"https:\/\/praxisfasthuber.at\/wp-content\/uploads\/2022\/08\/0061.jpg\" \/>\n<meta name=\"twitter:card\" content=\"summary_large_image\" \/>\n<meta name=\"twitter:label1\" content=\"Gesch\u00e4tzte Lesezeit\" \/>\n\t<meta name=\"twitter:data1\" content=\"2\u00a0Minuten\" \/>\n<script type=\"application\/ld+json\" class=\"yoast-schema-graph\">{\"@context\":\"https:\/\/schema.org\",\"@graph\":[{\"@type\":\"WebPage\",\"@id\":\"https:\/\/praxisfasthuber.at\/index.php\/ueber-mich\/\",\"url\":\"https:\/\/praxisfasthuber.at\/index.php\/ueber-mich\/\",\"name\":\"\u00dcber mich - Mag. Edith Fasthuber\",\"isPartOf\":{\"@id\":\"https:\/\/praxisfasthuber.at\/#website\"},\"primaryImageOfPage\":{\"@id\":\"https:\/\/praxisfasthuber.at\/index.php\/ueber-mich\/#primaryimage\"},\"image\":{\"@id\":\"https:\/\/praxisfasthuber.at\/index.php\/ueber-mich\/#primaryimage\"},\"thumbnailUrl\":\"https:\/\/praxisfasthuber.at\/wp-content\/uploads\/2022\/08\/0061.jpg\",\"datePublished\":\"2022-08-27T13:46:03+00:00\",\"dateModified\":\"2023-01-29T09:40:15+00:00\",\"breadcrumb\":{\"@id\":\"https:\/\/praxisfasthuber.at\/index.php\/ueber-mich\/#breadcrumb\"},\"inLanguage\":\"de\",\"potentialAction\":[{\"@type\":\"ReadAction\",\"target\":[\"https:\/\/praxisfasthuber.at\/index.php\/ueber-mich\/\"]}]},{\"@type\":\"ImageObject\",\"inLanguage\":\"de\",\"@id\":\"https:\/\/praxisfasthuber.at\/index.php\/ueber-mich\/#primaryimage\",\"url\":\"https:\/\/praxisfasthuber.at\/wp-content\/uploads\/2022\/08\/0061.jpg\",\"contentUrl\":\"https:\/\/praxisfasthuber.at\/wp-content\/uploads\/2022\/08\/0061.jpg\",\"width\":760,\"height\":531,\"caption\":\"Mag. Edith Fasthuber\"},{\"@type\":\"BreadcrumbList\",\"@id\":\"https:\/\/praxisfasthuber.at\/index.php\/ueber-mich\/#breadcrumb\",\"itemListElement\":[{\"@type\":\"ListItem\",\"position\":1,\"name\":\"Startseite\",\"item\":\"https:\/\/praxisfasthuber.at\/\"},{\"@type\":\"ListItem\",\"position\":2,\"name\":\"\u00dcber mich\"}]},{\"@type\":\"WebSite\",\"@id\":\"https:\/\/praxisfasthuber.at\/#website\",\"url\":\"https:\/\/praxisfasthuber.at\/\",\"name\":\"Mag. Edith Fasthuber\",\"description\":\"Praxis f\u00fcr Klinische Psychologie\",\"potentialAction\":[{\"@type\":\"SearchAction\",\"target\":{\"@type\":\"EntryPoint\",\"urlTemplate\":\"https:\/\/praxisfasthuber.at\/?s={search_term_string}\"},\"query-input\":{\"@type\":\"PropertyValueSpecification\",\"valueRequired\":true,\"valueName\":\"search_term_string\"}}],\"inLanguage\":\"de\"}]}<\/script>\n<!-- \/ Yoast SEO plugin. -->","yoast_head_json":{"title":"\u00dcber mich - Mag. Edith Fasthuber","robots":{"index":"index","follow":"follow","max-snippet":"max-snippet:-1","max-image-preview":"max-image-preview:large","max-video-preview":"max-video-preview:-1"},"canonical":"https:\/\/praxisfasthuber.at\/index.php\/ueber-mich\/","og_locale":"de_DE","og_type":"article","og_title":"\u00dcber mich - Mag. Edith Fasthuber","og_description":"\u00dcber mich 1979 in Wels geboren und aufgewachsen in Thalheim bei Wels, war ich aufgrund meines Psychologiestudiums und meiner ersten Berufst\u00e4tigkeit 12 Jahre lang in Wien zu Hause. Nach Abschluss meines Studiums Anfang 2003 sammelte&hellip; Mehr","og_url":"https:\/\/praxisfasthuber.at\/index.php\/ueber-mich\/","og_site_name":"Mag. Edith Fasthuber","article_modified_time":"2023-01-29T09:40:15+00:00","og_image":[{"url":"https:\/\/praxisfasthuber.at\/wp-content\/uploads\/2022\/08\/0061.jpg","type":"","width":"","height":""}],"twitter_card":"summary_large_image","twitter_misc":{"Gesch\u00e4tzte Lesezeit":"2\u00a0Minuten"},"schema":{"@context":"https:\/\/schema.org","@graph":[{"@type":"WebPage","@id":"https:\/\/praxisfasthuber.at\/index.php\/ueber-mich\/","url":"https:\/\/praxisfasthuber.at\/index.php\/ueber-mich\/","name":"\u00dcber mich - Mag. Edith Fasthuber","isPartOf":{"@id":"https:\/\/praxisfasthuber.at\/#website"},"primaryImageOfPage":{"@id":"https:\/\/praxisfasthuber.at\/index.php\/ueber-mich\/#primaryimage"},"image":{"@id":"https:\/\/praxisfasthuber.at\/index.php\/ueber-mich\/#primaryimage"},"thumbnailUrl":"https:\/\/praxisfasthuber.at\/wp-content\/uploads\/2022\/08\/0061.jpg","datePublished":"2022-08-27T13:46:03+00:00","dateModified":"2023-01-29T09:40:15+00:00","breadcrumb":{"@id":"https:\/\/praxisfasthuber.at\/index.php\/ueber-mich\/#breadcrumb"},"inLanguage":"de","potentialAction":[{"@type":"ReadAction","target":["https:\/\/praxisfasthuber.at\/index.php\/ueber-mich\/"]}]},{"@type":"ImageObject","inLanguage":"de","@id":"https:\/\/praxisfasthuber.at\/index.php\/ueber-mich\/#primaryimage","url":"https:\/\/praxisfasthuber.at\/wp-content\/uploads\/2022\/08\/0061.jpg","contentUrl":"https:\/\/praxisfasthuber.at\/wp-content\/uploads\/2022\/08\/0061.jpg","width":760,"height":531,"caption":"Mag. Edith Fasthuber"},{"@type":"BreadcrumbList","@id":"https:\/\/praxisfasthuber.at\/index.php\/ueber-mich\/#breadcrumb","itemListElement":[{"@type":"ListItem","position":1,"name":"Startseite","item":"https:\/\/praxisfasthuber.at\/"},{"@type":"ListItem","position":2,"name":"\u00dcber mich"}]},{"@type":"WebSite","@id":"https:\/\/praxisfasthuber.at\/#website","url":"https:\/\/praxisfasthuber.at\/","name":"Mag. Edith Fasthuber","description":"Praxis f\u00fcr Klinische Psychologie","potentialAction":[{"@type":"SearchAction","target":{"@type":"EntryPoint","urlTemplate":"https:\/\/praxisfasthuber.at\/?s={search_term_string}"},"query-input":{"@type":"PropertyValueSpecification","valueRequired":true,"valueName":"search_term_string"}}],"inLanguage":"de"}]}},"_links":{"self":[{"href":"https:\/\/praxisfasthuber.at\/index.php\/wp-json\/wp\/v2\/pages\/47","targetHints":{"allow":["GET"]}}],"collection":[{"href":"https:\/\/praxisfasthuber.at\/index.php\/wp-json\/wp\/v2\/pages"}],"about":[{"href":"https:\/\/praxisfasthuber.at\/index.php\/wp-json\/wp\/v2\/types\/page"}],"author":[{"embeddable":true,"href":"https:\/\/praxisfasthuber.at\/index.php\/wp-json\/wp\/v2\/users\/1"}],"replies":[{"embeddable":true,"href":"https:\/\/praxisfasthuber.at\/index.php\/wp-json\/wp\/v2\/comments?post=47"}],"version-history":[{"count":76,"href":"https:\/\/praxisfasthuber.at\/index.php\/wp-json\/wp\/v2\/pages\/47\/revisions"}],"predecessor-version":[{"id":1070,"href":"https:\/\/praxisfasthuber.at\/index.php\/wp-json\/wp\/v2\/pages\/47\/revisions\/1070"}],"wp:attachment":[{"href":"https:\/\/praxisfasthuber.at\/index.php\/wp-json\/wp\/v2\/media?parent=47"}],"curies":[{"name":"wp","href":"https:\/\/api.w.org\/{rel}","templated":true}]}}