{"id":52,"date":"2022-08-27T13:46:56","date_gmt":"2022-08-27T13:46:56","guid":{"rendered":"https:\/\/kunde29.die-website-spezialisten.at\/?page_id=52"},"modified":"2022-09-06T21:14:07","modified_gmt":"2022-09-06T21:14:07","slug":"psychologengesetz","status":"publish","type":"page","link":"https:\/\/praxisfasthuber.at\/index.php\/psychologengesetz\/","title":{"rendered":"Psychologengesetz"},"content":{"rendered":"\t\t<div data-elementor-type=\"wp-page\" data-elementor-id=\"52\" class=\"elementor elementor-52\">\n\t\t\t\t\t\t<section class=\"elementor-section elementor-top-section elementor-element elementor-element-7bd435f elementor-section-boxed elementor-section-height-default elementor-section-height-default\" data-id=\"7bd435f\" data-element_type=\"section\" data-e-type=\"section\">\n\t\t\t\t\t\t<div class=\"elementor-container elementor-column-gap-default\">\n\t\t\t\t\t<div class=\"elementor-column elementor-col-100 elementor-top-column elementor-element elementor-element-21d6c3e\" data-id=\"21d6c3e\" data-element_type=\"column\" data-e-type=\"column\">\n\t\t\t<div class=\"elementor-widget-wrap elementor-element-populated\">\n\t\t\t\t\t\t<div class=\"elementor-element elementor-element-fa34cfc elementor-widget elementor-widget-heading\" data-id=\"fa34cfc\" data-element_type=\"widget\" data-e-type=\"widget\" data-widget_type=\"heading.default\">\n\t\t\t\t<div class=\"elementor-widget-container\">\n\t\t\t\t\t<h1 class=\"elementor-heading-title elementor-size-default\">Psychologengesetz<\/h1>\t\t\t\t<\/div>\n\t\t\t\t<\/div>\n\t\t\t\t<div class=\"elementor-element elementor-element-3dd14d3 elementor-widget elementor-widget-text-editor\" data-id=\"3dd14d3\" data-element_type=\"widget\" data-e-type=\"widget\" data-widget_type=\"text-editor.default\">\n\t\t\t\t<div class=\"elementor-widget-container\">\n\t\t\t\t\t\t\t\t\t<p>Als Klinische Psychologin und Gesundheitspsychologin unterstehe ich dem Psychologengesetz 2013. Dieses verpflichtet mich in \u00a737 zur Verschwiegenheit \u00fcber alle mir in Aus\u00fcbung meines Berufes anvertrauten oder bekannt gewordenen Geheimnisse. Diese strenge berufsrechtlich normierte <strong>Verschwiegenheitspflicht<\/strong> gegen\u00fcber Dritten stellt die Grundlage f\u00fcr das besondere Vertrauensverh\u00e4ltnis in der Beziehungsarbeit zwischen mir und meinen KlientInnen dar.<\/p>\t\t\t\t\t\t\t\t<\/div>\n\t\t\t\t<\/div>\n\t\t\t\t<div class=\"elementor-element elementor-element-696c3e5 elementor-widget elementor-widget-text-editor\" data-id=\"696c3e5\" data-element_type=\"widget\" data-e-type=\"widget\" data-widget_type=\"text-editor.default\">\n\t\t\t\t<div class=\"elementor-widget-container\">\n\t\t\t\t\t\t\t\t\t<p>Gem\u00e4\u00df \u00a748 Abs. 6 ist auch meine <strong>Spezialisierung f\u00fcr Klinische Neuropsychologie<\/strong>\n in die vom Bundesministerium f\u00fcr Soziales, Gesundheit, Pflege und \nKonsumentenschutz gef\u00fchrte Liste der Klinischen PsychologInnen \neingetragen. Diese kann unter <a href=\"https:\/\/web.archive.org\/web\/20220823094817\/http:\/\/klinischepsychologie.ehealth.gv.at\/\">http:\/\/klinischepsychologie.ehealth.gv.at<\/a> eingesehen werden.<\/p>\t\t\t\t\t\t\t\t<\/div>\n\t\t\t\t<\/div>\n\t\t\t\t\t<\/div>\n\t\t<\/div>\n\t\t\t\t\t<\/div>\n\t\t<\/section>\n\t\t\t\t<\/div>\n\t\t","protected":false},"excerpt":{"rendered":"<p>Psychologengesetz Als Klinische Psychologin und Gesundheitspsychologin unterstehe ich dem Psychologengesetz 2013. Dieses verpflichtet mich in \u00a737 zur Verschwiegenheit \u00fcber alle mir in Aus\u00fcbung meines Berufes anvertrauten oder bekannt gewordenen Geheimnisse. Diese strenge berufsrechtlich normierte Verschwiegenheitspflicht&hellip; <a href=\"https:\/\/praxisfasthuber.at\/index.php\/psychologengesetz\/\">Mehr<\/a><\/p>\n","protected":false},"author":1,"featured_media":0,"parent":0,"menu_order":0,"comment_status":"closed","ping_status":"closed","template":"elementor_header_footer","meta":{"footnotes":""},"class_list":["post-52","page","type-page","status-publish","hentry"],"yoast_head":"<!-- This site is optimized with the Yoast SEO plugin v26.7 - https:\/\/yoast.com\/wordpress\/plugins\/seo\/ -->\n<title>Psychologengesetz - Mag. Edith Fasthuber<\/title>\n<meta name=\"robots\" content=\"index, follow, max-snippet:-1, max-image-preview:large, max-video-preview:-1\" \/>\n<link rel=\"canonical\" href=\"https:\/\/praxisfasthuber.at\/index.php\/psychologengesetz\/\" \/>\n<meta property=\"og:locale\" content=\"de_DE\" \/>\n<meta property=\"og:type\" content=\"article\" \/>\n<meta property=\"og:title\" content=\"Psychologengesetz - Mag. Edith Fasthuber\" \/>\n<meta property=\"og:description\" content=\"Psychologengesetz Als Klinische Psychologin und Gesundheitspsychologin unterstehe ich dem Psychologengesetz 2013. Dieses verpflichtet mich in \u00a737 zur Verschwiegenheit \u00fcber alle mir in Aus\u00fcbung meines Berufes anvertrauten oder bekannt gewordenen Geheimnisse. Diese strenge berufsrechtlich normierte Verschwiegenheitspflicht&hellip; Mehr\" \/>\n<meta property=\"og:url\" content=\"https:\/\/praxisfasthuber.at\/index.php\/psychologengesetz\/\" \/>\n<meta property=\"og:site_name\" content=\"Mag. Edith Fasthuber\" \/>\n<meta property=\"article:modified_time\" content=\"2022-09-06T21:14:07+00:00\" \/>\n<meta name=\"twitter:card\" content=\"summary_large_image\" \/>\n<meta name=\"twitter:label1\" content=\"Gesch\u00e4tzte Lesezeit\" \/>\n\t<meta name=\"twitter:data1\" content=\"1\u00a0Minute\" \/>\n<script type=\"application\/ld+json\" class=\"yoast-schema-graph\">{\"@context\":\"https:\/\/schema.org\",\"@graph\":[{\"@type\":\"WebPage\",\"@id\":\"https:\/\/praxisfasthuber.at\/index.php\/psychologengesetz\/\",\"url\":\"https:\/\/praxisfasthuber.at\/index.php\/psychologengesetz\/\",\"name\":\"Psychologengesetz - Mag. Edith Fasthuber\",\"isPartOf\":{\"@id\":\"https:\/\/praxisfasthuber.at\/#website\"},\"datePublished\":\"2022-08-27T13:46:56+00:00\",\"dateModified\":\"2022-09-06T21:14:07+00:00\",\"breadcrumb\":{\"@id\":\"https:\/\/praxisfasthuber.at\/index.php\/psychologengesetz\/#breadcrumb\"},\"inLanguage\":\"de\",\"potentialAction\":[{\"@type\":\"ReadAction\",\"target\":[\"https:\/\/praxisfasthuber.at\/index.php\/psychologengesetz\/\"]}]},{\"@type\":\"BreadcrumbList\",\"@id\":\"https:\/\/praxisfasthuber.at\/index.php\/psychologengesetz\/#breadcrumb\",\"itemListElement\":[{\"@type\":\"ListItem\",\"position\":1,\"name\":\"Startseite\",\"item\":\"https:\/\/praxisfasthuber.at\/\"},{\"@type\":\"ListItem\",\"position\":2,\"name\":\"Psychologengesetz\"}]},{\"@type\":\"WebSite\",\"@id\":\"https:\/\/praxisfasthuber.at\/#website\",\"url\":\"https:\/\/praxisfasthuber.at\/\",\"name\":\"Mag. Edith Fasthuber\",\"description\":\"Praxis f\u00fcr Klinische Psychologie\",\"potentialAction\":[{\"@type\":\"SearchAction\",\"target\":{\"@type\":\"EntryPoint\",\"urlTemplate\":\"https:\/\/praxisfasthuber.at\/?s={search_term_string}\"},\"query-input\":{\"@type\":\"PropertyValueSpecification\",\"valueRequired\":true,\"valueName\":\"search_term_string\"}}],\"inLanguage\":\"de\"}]}<\/script>\n<!-- \/ Yoast SEO plugin. -->","yoast_head_json":{"title":"Psychologengesetz - Mag. Edith Fasthuber","robots":{"index":"index","follow":"follow","max-snippet":"max-snippet:-1","max-image-preview":"max-image-preview:large","max-video-preview":"max-video-preview:-1"},"canonical":"https:\/\/praxisfasthuber.at\/index.php\/psychologengesetz\/","og_locale":"de_DE","og_type":"article","og_title":"Psychologengesetz - Mag. Edith Fasthuber","og_description":"Psychologengesetz Als Klinische Psychologin und Gesundheitspsychologin unterstehe ich dem Psychologengesetz 2013. Dieses verpflichtet mich in \u00a737 zur Verschwiegenheit \u00fcber alle mir in Aus\u00fcbung meines Berufes anvertrauten oder bekannt gewordenen Geheimnisse. Diese strenge berufsrechtlich normierte Verschwiegenheitspflicht&hellip; Mehr","og_url":"https:\/\/praxisfasthuber.at\/index.php\/psychologengesetz\/","og_site_name":"Mag. Edith Fasthuber","article_modified_time":"2022-09-06T21:14:07+00:00","twitter_card":"summary_large_image","twitter_misc":{"Gesch\u00e4tzte Lesezeit":"1\u00a0Minute"},"schema":{"@context":"https:\/\/schema.org","@graph":[{"@type":"WebPage","@id":"https:\/\/praxisfasthuber.at\/index.php\/psychologengesetz\/","url":"https:\/\/praxisfasthuber.at\/index.php\/psychologengesetz\/","name":"Psychologengesetz - Mag. Edith Fasthuber","isPartOf":{"@id":"https:\/\/praxisfasthuber.at\/#website"},"datePublished":"2022-08-27T13:46:56+00:00","dateModified":"2022-09-06T21:14:07+00:00","breadcrumb":{"@id":"https:\/\/praxisfasthuber.at\/index.php\/psychologengesetz\/#breadcrumb"},"inLanguage":"de","potentialAction":[{"@type":"ReadAction","target":["https:\/\/praxisfasthuber.at\/index.php\/psychologengesetz\/"]}]},{"@type":"BreadcrumbList","@id":"https:\/\/praxisfasthuber.at\/index.php\/psychologengesetz\/#breadcrumb","itemListElement":[{"@type":"ListItem","position":1,"name":"Startseite","item":"https:\/\/praxisfasthuber.at\/"},{"@type":"ListItem","position":2,"name":"Psychologengesetz"}]},{"@type":"WebSite","@id":"https:\/\/praxisfasthuber.at\/#website","url":"https:\/\/praxisfasthuber.at\/","name":"Mag. Edith Fasthuber","description":"Praxis f\u00fcr Klinische Psychologie","potentialAction":[{"@type":"SearchAction","target":{"@type":"EntryPoint","urlTemplate":"https:\/\/praxisfasthuber.at\/?s={search_term_string}"},"query-input":{"@type":"PropertyValueSpecification","valueRequired":true,"valueName":"search_term_string"}}],"inLanguage":"de"}]}},"_links":{"self":[{"href":"https:\/\/praxisfasthuber.at\/index.php\/wp-json\/wp\/v2\/pages\/52","targetHints":{"allow":["GET"]}}],"collection":[{"href":"https:\/\/praxisfasthuber.at\/index.php\/wp-json\/wp\/v2\/pages"}],"about":[{"href":"https:\/\/praxisfasthuber.at\/index.php\/wp-json\/wp\/v2\/types\/page"}],"author":[{"embeddable":true,"href":"https:\/\/praxisfasthuber.at\/index.php\/wp-json\/wp\/v2\/users\/1"}],"replies":[{"embeddable":true,"href":"https:\/\/praxisfasthuber.at\/index.php\/wp-json\/wp\/v2\/comments?post=52"}],"version-history":[{"count":34,"href":"https:\/\/praxisfasthuber.at\/index.php\/wp-json\/wp\/v2\/pages\/52\/revisions"}],"predecessor-version":[{"id":934,"href":"https:\/\/praxisfasthuber.at\/index.php\/wp-json\/wp\/v2\/pages\/52\/revisions\/934"}],"wp:attachment":[{"href":"https:\/\/praxisfasthuber.at\/index.php\/wp-json\/wp\/v2\/media?parent=52"}],"curies":[{"name":"wp","href":"https:\/\/api.w.org\/{rel}","templated":true}]}}