{"id":9,"date":"2022-08-27T13:33:33","date_gmt":"2022-08-27T13:33:33","guid":{"rendered":"https:\/\/kunde29.die-website-spezialisten.at\/?page_id=9"},"modified":"2026-01-22T06:39:53","modified_gmt":"2026-01-22T06:39:53","slug":"psychologische-praxis-edith-fasthuber","status":"publish","type":"page","link":"https:\/\/praxisfasthuber.at\/","title":{"rendered":"Start"},"content":{"rendered":"\t\t<div data-elementor-type=\"wp-page\" data-elementor-id=\"9\" class=\"elementor elementor-9\">\n\t\t\t\t\t\t<section class=\"elementor-section elementor-top-section elementor-element elementor-element-96154ca elementor-section-boxed elementor-section-height-default elementor-section-height-default\" data-id=\"96154ca\" data-element_type=\"section\" data-e-type=\"section\">\n\t\t\t\t\t\t<div class=\"elementor-container elementor-column-gap-default\">\n\t\t\t\t\t<div class=\"elementor-column elementor-col-100 elementor-top-column elementor-element elementor-element-f52d45f\" data-id=\"f52d45f\" data-element_type=\"column\" data-e-type=\"column\">\n\t\t\t<div class=\"elementor-widget-wrap elementor-element-populated\">\n\t\t\t\t\t\t<div class=\"elementor-element elementor-element-eb62441 elementor-widget elementor-widget-image\" data-id=\"eb62441\" data-element_type=\"widget\" data-e-type=\"widget\" data-widget_type=\"image.default\">\n\t\t\t\t<div class=\"elementor-widget-container\">\n\t\t\t\t\t\t\t\t\t\t\t\t\t\t\t<img fetchpriority=\"high\" decoding=\"async\" width=\"756\" height=\"529\" src=\"https:\/\/praxisfasthuber.at\/wp-content\/uploads\/2022\/08\/mag.edith-fasthuber.jpg\" class=\"attachment-large size-large wp-image-369\" alt=\"Mag. Edith Fasthuber\" srcset=\"https:\/\/praxisfasthuber.at\/wp-content\/uploads\/2022\/08\/mag.edith-fasthuber.jpg 756w, https:\/\/praxisfasthuber.at\/wp-content\/uploads\/2022\/08\/mag.edith-fasthuber-300x210.jpg 300w, https:\/\/praxisfasthuber.at\/wp-content\/uploads\/2022\/08\/mag.edith-fasthuber-624x437.jpg 624w\" sizes=\"(max-width: 756px) 100vw, 756px\" \/>\t\t\t\t\t\t\t\t\t\t\t\t\t\t\t<\/div>\n\t\t\t\t<\/div>\n\t\t\t\t<div class=\"elementor-element elementor-element-3aa657e elementor-widget elementor-widget-text-editor\" data-id=\"3aa657e\" data-element_type=\"widget\" data-e-type=\"widget\" data-widget_type=\"text-editor.default\">\n\t\t\t\t<div class=\"elementor-widget-container\">\n\t\t\t\t\t\t\t\t\t<p><em>\u00a0<\/em><\/p><h4><em>&#8222;Je stiller du bist, desto mehr kannst du h\u00f6ren&#8220;<\/em><\/h4><p>Ein herzliches Willkommen in meiner <strong>Praxis f\u00fcr Klinische Psychologie in Thalheim bei Wels<\/strong>. Auf dem unteren Bild finden Sie kurz zusammengefasst mein psychologisches Angebot. Zus\u00e4tzlich informiert Sie meine Website etwas genauer dar\u00fcber.<\/p><p>Neu hinzugekommen ist im Behandlungsangebot die <strong>Methode EMDR<\/strong> (= Eye Movement Desensitization and Reprocessing). EMDR bedeutet Desensibilisierung und Verarbeitung belastender oder auch traumatischer Ereignisse durch Augenbewegungen (\u00e4hnlich den REM-Phasen im Schlaf). EMDR kann u.a. bei Trauma und PTBS (Posttraumatischer Belastungsst\u00f6rung), aber auch bei \u00c4ngsten, Depression und Schmerzen wirkungsvoll zum Einsatz gebracht werden.<\/p><p>Den Termin f\u00fcr ein Erstgespr\u00e4ch erhalten Sie nach pers\u00f6nlicher Kontaktaufnahme per Telefon<a href=\"http:\/\/tel: 06508102773\"> 0650\/8102773 <\/a>oder Email <a href=\"mailto: praxis.fasthuber@liwest.at\">praxis.fasthuber@liwest.at<\/a>.<\/p>\t\t\t\t\t\t\t\t<\/div>\n\t\t\t\t<\/div>\n\t\t\t\t<div class=\"elementor-element elementor-element-812fc72 elementor-widget elementor-widget-image\" data-id=\"812fc72\" data-element_type=\"widget\" data-e-type=\"widget\" data-widget_type=\"image.default\">\n\t\t\t\t<div class=\"elementor-widget-container\">\n\t\t\t\t\t\t\t\t\t\t\t\t<figure class=\"wp-caption\">\n\t\t\t\t\t\t\t\t\t\t<img decoding=\"async\" width=\"760\" height=\"428\" src=\"https:\/\/praxisfasthuber.at\/wp-content\/uploads\/2022\/09\/praxis-flyer-1024x576.jpeg\" class=\"attachment-large size-large wp-image-957\" alt=\"Flyer\" srcset=\"https:\/\/praxisfasthuber.at\/wp-content\/uploads\/2022\/09\/praxis-flyer-1024x576.jpeg 1024w, https:\/\/praxisfasthuber.at\/wp-content\/uploads\/2022\/09\/praxis-flyer-300x169.jpeg 300w, https:\/\/praxisfasthuber.at\/wp-content\/uploads\/2022\/09\/praxis-flyer-768x432.jpeg 768w, https:\/\/praxisfasthuber.at\/wp-content\/uploads\/2022\/09\/praxis-flyer-1536x864.jpeg 1536w, https:\/\/praxisfasthuber.at\/wp-content\/uploads\/2022\/09\/praxis-flyer-940x529.jpeg 940w, https:\/\/praxisfasthuber.at\/wp-content\/uploads\/2022\/09\/praxis-flyer-680x383.jpeg 680w, https:\/\/praxisfasthuber.at\/wp-content\/uploads\/2022\/09\/praxis-flyer-711x400.jpeg 711w, https:\/\/praxisfasthuber.at\/wp-content\/uploads\/2022\/09\/praxis-flyer.jpeg 1600w\" sizes=\"(max-width: 760px) 100vw, 760px\" \/>\t\t\t\t\t\t\t\t\t\t\t<figcaption class=\"widget-image-caption wp-caption-text\"><\/figcaption>\n\t\t\t\t\t\t\t\t\t\t<\/figure>\n\t\t\t\t\t\t\t\t\t<\/div>\n\t\t\t\t<\/div>\n\t\t\t\t\t<\/div>\n\t\t<\/div>\n\t\t\t\t\t<\/div>\n\t\t<\/section>\n\t\t\t\t<section class=\"elementor-section elementor-top-section elementor-element elementor-element-1104473 elementor-section-boxed elementor-section-height-default elementor-section-height-default\" data-id=\"1104473\" data-element_type=\"section\" data-e-type=\"section\">\n\t\t\t\t\t\t<div class=\"elementor-container elementor-column-gap-default\">\n\t\t\t\t\t<div class=\"elementor-column elementor-col-100 elementor-top-column elementor-element elementor-element-660c5d1\" data-id=\"660c5d1\" data-element_type=\"column\" data-e-type=\"column\">\n\t\t\t<div class=\"elementor-widget-wrap\">\n\t\t\t\t\t\t\t<\/div>\n\t\t<\/div>\n\t\t\t\t\t<\/div>\n\t\t<\/section>\n\t\t\t\t<section class=\"elementor-section elementor-top-section elementor-element elementor-element-3f9462e elementor-section-boxed elementor-section-height-default elementor-section-height-default\" data-id=\"3f9462e\" data-element_type=\"section\" data-e-type=\"section\">\n\t\t\t\t\t\t<div class=\"elementor-container elementor-column-gap-default\">\n\t\t\t\t\t<div class=\"elementor-column elementor-col-100 elementor-top-column elementor-element elementor-element-8da9118\" data-id=\"8da9118\" data-element_type=\"column\" data-e-type=\"column\">\n\t\t\t<div class=\"elementor-widget-wrap\">\n\t\t\t\t\t\t\t<\/div>\n\t\t<\/div>\n\t\t\t\t\t<\/div>\n\t\t<\/section>\n\t\t\t\t<\/div>\n\t\t","protected":false},"excerpt":{"rendered":"<p>\u00a0 &#8222;Je stiller du bist, desto mehr kannst du h\u00f6ren&#8220; Ein herzliches Willkommen in meiner Praxis f\u00fcr Klinische Psychologie in Thalheim bei Wels. Auf dem unteren Bild finden Sie kurz zusammengefasst mein psychologisches Angebot. Zus\u00e4tzlich&hellip; <a href=\"https:\/\/praxisfasthuber.at\/\">Mehr<\/a><\/p>\n","protected":false},"author":1,"featured_media":0,"parent":0,"menu_order":0,"comment_status":"closed","ping_status":"closed","template":"elementor_header_footer","meta":{"footnotes":""},"class_list":["post-9","page","type-page","status-publish","hentry"],"yoast_head":"<!-- This site is optimized with the Yoast SEO plugin v26.7 - https:\/\/yoast.com\/wordpress\/plugins\/seo\/ -->\n<title>Psychologische Praxis Edith Fasthuber<\/title>\n<meta name=\"description\" content=\"Wahlpsychologin f\u00fcr Diagnostik in 4600 Thalheim bei Wels mit den Schwerpunkten Klinische Neuropsychologie, chronische Schmerzen, Entspannung, Biofeedback...\" \/>\n<meta name=\"robots\" content=\"index, follow, max-snippet:-1, max-image-preview:large, max-video-preview:-1\" \/>\n<link rel=\"canonical\" href=\"https:\/\/praxisfasthuber.at\/\" \/>\n<meta property=\"og:locale\" content=\"de_DE\" \/>\n<meta property=\"og:type\" content=\"article\" \/>\n<meta property=\"og:title\" content=\"Psychologische Praxis Edith Fasthuber\" \/>\n<meta property=\"og:description\" content=\"Wahlpsychologin f\u00fcr Diagnostik in 4600 Thalheim bei Wels mit den Schwerpunkten Klinische Neuropsychologie, chronische Schmerzen, Entspannung, Biofeedback...\" \/>\n<meta property=\"og:url\" content=\"https:\/\/praxisfasthuber.at\/\" \/>\n<meta property=\"og:site_name\" content=\"Mag. Edith Fasthuber\" \/>\n<meta property=\"article:modified_time\" content=\"2026-01-22T06:39:53+00:00\" \/>\n<meta property=\"og:image\" content=\"https:\/\/praxisfasthuber.at\/wp-content\/uploads\/2022\/08\/mag.edith-fasthuber.jpg\" \/>\n\t<meta property=\"og:image:width\" content=\"756\" \/>\n\t<meta property=\"og:image:height\" content=\"529\" \/>\n\t<meta property=\"og:image:type\" content=\"image\/jpeg\" \/>\n<meta name=\"twitter:card\" content=\"summary_large_image\" \/>\n<meta name=\"twitter:label1\" content=\"Gesch\u00e4tzte Lesezeit\" \/>\n\t<meta name=\"twitter:data1\" content=\"2\u00a0Minuten\" \/>\n<script type=\"application\/ld+json\" class=\"yoast-schema-graph\">{\"@context\":\"https:\/\/schema.org\",\"@graph\":[{\"@type\":\"WebPage\",\"@id\":\"https:\/\/praxisfasthuber.at\/\",\"url\":\"https:\/\/praxisfasthuber.at\/\",\"name\":\"Psychologische Praxis Edith Fasthuber\",\"isPartOf\":{\"@id\":\"https:\/\/praxisfasthuber.at\/#website\"},\"primaryImageOfPage\":{\"@id\":\"https:\/\/praxisfasthuber.at\/#primaryimage\"},\"image\":{\"@id\":\"https:\/\/praxisfasthuber.at\/#primaryimage\"},\"thumbnailUrl\":\"https:\/\/praxisfasthuber.at\/wp-content\/uploads\/2022\/08\/mag.edith-fasthuber.jpg\",\"datePublished\":\"2022-08-27T13:33:33+00:00\",\"dateModified\":\"2026-01-22T06:39:53+00:00\",\"description\":\"Wahlpsychologin f\u00fcr Diagnostik in 4600 Thalheim bei Wels mit den Schwerpunkten Klinische Neuropsychologie, chronische Schmerzen, Entspannung, Biofeedback...\",\"breadcrumb\":{\"@id\":\"https:\/\/praxisfasthuber.at\/#breadcrumb\"},\"inLanguage\":\"de\",\"potentialAction\":[{\"@type\":\"ReadAction\",\"target\":[\"https:\/\/praxisfasthuber.at\/\"]}]},{\"@type\":\"ImageObject\",\"inLanguage\":\"de\",\"@id\":\"https:\/\/praxisfasthuber.at\/#primaryimage\",\"url\":\"https:\/\/praxisfasthuber.at\/wp-content\/uploads\/2022\/08\/mag.edith-fasthuber.jpg\",\"contentUrl\":\"https:\/\/praxisfasthuber.at\/wp-content\/uploads\/2022\/08\/mag.edith-fasthuber.jpg\",\"width\":756,\"height\":529,\"caption\":\"Mag. Edith Fasthuber\"},{\"@type\":\"BreadcrumbList\",\"@id\":\"https:\/\/praxisfasthuber.at\/#breadcrumb\",\"itemListElement\":[{\"@type\":\"ListItem\",\"position\":1,\"name\":\"Startseite\",\"item\":\"https:\/\/praxisfasthuber.at\/\"},{\"@type\":\"ListItem\",\"position\":2,\"name\":\"Start\"}]},{\"@type\":\"WebSite\",\"@id\":\"https:\/\/praxisfasthuber.at\/#website\",\"url\":\"https:\/\/praxisfasthuber.at\/\",\"name\":\"Mag. Edith Fasthuber\",\"description\":\"Praxis f\u00fcr Klinische Psychologie\",\"potentialAction\":[{\"@type\":\"SearchAction\",\"target\":{\"@type\":\"EntryPoint\",\"urlTemplate\":\"https:\/\/praxisfasthuber.at\/?s={search_term_string}\"},\"query-input\":{\"@type\":\"PropertyValueSpecification\",\"valueRequired\":true,\"valueName\":\"search_term_string\"}}],\"inLanguage\":\"de\"}]}<\/script>\n<!-- \/ Yoast SEO plugin. -->","yoast_head_json":{"title":"Psychologische Praxis Edith Fasthuber","description":"Wahlpsychologin f\u00fcr Diagnostik in 4600 Thalheim bei Wels mit den Schwerpunkten Klinische Neuropsychologie, chronische Schmerzen, Entspannung, Biofeedback...","robots":{"index":"index","follow":"follow","max-snippet":"max-snippet:-1","max-image-preview":"max-image-preview:large","max-video-preview":"max-video-preview:-1"},"canonical":"https:\/\/praxisfasthuber.at\/","og_locale":"de_DE","og_type":"article","og_title":"Psychologische Praxis Edith Fasthuber","og_description":"Wahlpsychologin f\u00fcr Diagnostik in 4600 Thalheim bei Wels mit den Schwerpunkten Klinische Neuropsychologie, chronische Schmerzen, Entspannung, Biofeedback...","og_url":"https:\/\/praxisfasthuber.at\/","og_site_name":"Mag. Edith Fasthuber","article_modified_time":"2026-01-22T06:39:53+00:00","og_image":[{"width":756,"height":529,"url":"https:\/\/praxisfasthuber.at\/wp-content\/uploads\/2022\/08\/mag.edith-fasthuber.jpg","type":"image\/jpeg"}],"twitter_card":"summary_large_image","twitter_misc":{"Gesch\u00e4tzte Lesezeit":"2\u00a0Minuten"},"schema":{"@context":"https:\/\/schema.org","@graph":[{"@type":"WebPage","@id":"https:\/\/praxisfasthuber.at\/","url":"https:\/\/praxisfasthuber.at\/","name":"Psychologische Praxis Edith Fasthuber","isPartOf":{"@id":"https:\/\/praxisfasthuber.at\/#website"},"primaryImageOfPage":{"@id":"https:\/\/praxisfasthuber.at\/#primaryimage"},"image":{"@id":"https:\/\/praxisfasthuber.at\/#primaryimage"},"thumbnailUrl":"https:\/\/praxisfasthuber.at\/wp-content\/uploads\/2022\/08\/mag.edith-fasthuber.jpg","datePublished":"2022-08-27T13:33:33+00:00","dateModified":"2026-01-22T06:39:53+00:00","description":"Wahlpsychologin f\u00fcr Diagnostik in 4600 Thalheim bei Wels mit den Schwerpunkten Klinische Neuropsychologie, chronische Schmerzen, Entspannung, Biofeedback...","breadcrumb":{"@id":"https:\/\/praxisfasthuber.at\/#breadcrumb"},"inLanguage":"de","potentialAction":[{"@type":"ReadAction","target":["https:\/\/praxisfasthuber.at\/"]}]},{"@type":"ImageObject","inLanguage":"de","@id":"https:\/\/praxisfasthuber.at\/#primaryimage","url":"https:\/\/praxisfasthuber.at\/wp-content\/uploads\/2022\/08\/mag.edith-fasthuber.jpg","contentUrl":"https:\/\/praxisfasthuber.at\/wp-content\/uploads\/2022\/08\/mag.edith-fasthuber.jpg","width":756,"height":529,"caption":"Mag. Edith Fasthuber"},{"@type":"BreadcrumbList","@id":"https:\/\/praxisfasthuber.at\/#breadcrumb","itemListElement":[{"@type":"ListItem","position":1,"name":"Startseite","item":"https:\/\/praxisfasthuber.at\/"},{"@type":"ListItem","position":2,"name":"Start"}]},{"@type":"WebSite","@id":"https:\/\/praxisfasthuber.at\/#website","url":"https:\/\/praxisfasthuber.at\/","name":"Mag. Edith Fasthuber","description":"Praxis f\u00fcr Klinische Psychologie","potentialAction":[{"@type":"SearchAction","target":{"@type":"EntryPoint","urlTemplate":"https:\/\/praxisfasthuber.at\/?s={search_term_string}"},"query-input":{"@type":"PropertyValueSpecification","valueRequired":true,"valueName":"search_term_string"}}],"inLanguage":"de"}]}},"_links":{"self":[{"href":"https:\/\/praxisfasthuber.at\/index.php\/wp-json\/wp\/v2\/pages\/9","targetHints":{"allow":["GET"]}}],"collection":[{"href":"https:\/\/praxisfasthuber.at\/index.php\/wp-json\/wp\/v2\/pages"}],"about":[{"href":"https:\/\/praxisfasthuber.at\/index.php\/wp-json\/wp\/v2\/types\/page"}],"author":[{"embeddable":true,"href":"https:\/\/praxisfasthuber.at\/index.php\/wp-json\/wp\/v2\/users\/1"}],"replies":[{"embeddable":true,"href":"https:\/\/praxisfasthuber.at\/index.php\/wp-json\/wp\/v2\/comments?post=9"}],"version-history":[{"count":282,"href":"https:\/\/praxisfasthuber.at\/index.php\/wp-json\/wp\/v2\/pages\/9\/revisions"}],"predecessor-version":[{"id":1379,"href":"https:\/\/praxisfasthuber.at\/index.php\/wp-json\/wp\/v2\/pages\/9\/revisions\/1379"}],"wp:attachment":[{"href":"https:\/\/praxisfasthuber.at\/index.php\/wp-json\/wp\/v2\/media?parent=9"}],"curies":[{"name":"wp","href":"https:\/\/api.w.org\/{rel}","templated":true}]}}